{"id":3950,"date":"2025-07-28T06:42:21","date_gmt":"2025-07-28T06:42:21","guid":{"rendered":"https:\/\/izzydmc.com\/?page_id=3950"},"modified":"2026-01-16T09:39:54","modified_gmt":"2026-01-16T09:39:54","slug":"disneyland-paris-turu-air-france-ile-26-30-mayis-2026-kurban-bayrami","status":"publish","type":"page","link":"https:\/\/izzydmc.com\/?page_id=3950","title":{"rendered":"Paris Turu Air France ile 26-30 May\u0131s 2026 &#8211; KURBAN BAYRAMI"},"content":{"rendered":"\t\t<div data-elementor-type=\"wp-page\" data-elementor-id=\"3950\" class=\"elementor elementor-3950\">\n\t\t\t\t<div class=\"elementor-element elementor-element-e25fb10 e-flex e-con-boxed e-con e-parent\" data-id=\"e25fb10\" data-element_type=\"container\" data-e-type=\"container\">\n\t\t\t\t\t<div class=\"e-con-inner\">\n\t\t\t\t<div class=\"elementor-element elementor-element-e083730 elementor-widget elementor-widget-text-editor\" data-id=\"e083730\" data-element_type=\"widget\" data-e-type=\"widget\" data-widget_type=\"text-editor.default\">\n\t\t\t\t<div class=\"elementor-widget-container\">\n\t\t\t\t\t\t\t\t\t<p><b>1. G\u00fcn \u0130STANBUL \u2013 PAR\u0130S<br \/><\/b><\/p><p>\u0130stanbul Havaliman\u0131ndan Air France Havayollar\u0131 u\u00e7a\u011f\u0131 ile saat 04:50 de Paris\u2019e u\u00e7u\u015f. Yakla\u015f\u0131k 3,5 saatlik u\u00e7u\u015fun ard\u0131ndan yerel saat ile 06:35 te Paris\u2019e var\u0131yoruz. Var\u0131\u015f\u0131m\u0131z\u0131n ard\u0131ndan alanda bekleyen arac\u0131m\u0131z ile otele transfer ve serbest zaman. (Otele c. \u0130n saatimiz saat 15:00\u2019tir) Dileyen misafirlerimiz ile <strong>ekstra<\/strong> olarak yap\u0131lacak olan Paris \u015fehir turumuza ba\u015flayaca\u011f\u0131z.(ki\u015fi ba\u015f\u0131 25 Euro) Turumuzda Eyfel Kulesi (d\u0131\u015far\u0131dan), Champs Elysees, Da Vinci \u015fifresine konu olmu\u015f Louvre M\u00fczesi (d\u0131\u015far\u0131dan) ve piramit, D\u2019orsay M\u00fczesi, Zafer Tak\u0131, Etoile Meydan\u0131, Napolyon\u2019un mezar\u0131, Meclis binas\u0131, 3. Aleksandr k\u00f6pr\u00fcs\u00fc, 1990 y\u0131l\u0131 sanayi fuar\u0131 ama\u00e7l\u0131 yap\u0131lm\u0131\u015f Grand Palace ve Petite Palace, 1789 Frans\u0131z devrimine konu olmu\u015f Concorde Giyotin Meydan\u0131 g\u00f6r\u00fclecek yerler aras\u0131ndad\u0131r. Tur sonras\u0131 serbest zaman ve ak\u015fam \u00fczeri otele transfer oluyoruz. Konaklama\u00a0otelimizde.<\/p><p>\u00a0<\/p><p><b>2. G\u00dcN PAR\u0130S<br \/><\/b><\/p><p>Sabah kahvalt\u0131s\u0131n\u0131n ard\u0131ndan arzu eden misafirlerimiz rehberimizin ekstra olarak d\u00fczenleyece\u011fi <strong>Paris Kombine<\/strong> Turu (110 Euro) [<strong>Eiffel Kulesi &amp; Seine Nehri Tekne gezisi &amp; Montmarte Ressamlar Tepesi &amp; Sacre Coeur Bazilikas\u0131 &amp; Fragonard Parf\u00fcm M\u00fczesi]<\/strong> kat\u0131labilirler. Turumuzda Eiffel Kulesinin 2. kat\u0131na \u00e7\u0131karak bu b\u00fcy\u00fcl\u00fc kenti yukar\u0131dan ke\u015ffetme \u015fans\u0131na sahip olacaks\u0131n\u0131z. Sonras\u0131nda Seine Nehri \u00fczerinde 1 saatlik tekne gezisi ile adalar etraf\u0131nda tur at\u0131p Paris\u2019i ve k\u00f6pr\u00fclerini nehirden g\u00f6rmenin keyfini \u00e7\u0131karacaks\u0131n\u0131z. Ard\u0131ndan Paris\u2019in en eski ve en y\u00fcksek tepesi olan Montmarte\u2019a f\u00fcnik\u00fcler ile \u00e7\u0131k\u0131yoruz, Sacre ve yan\u0131ndaki ressamlar\u0131yla \u00fcnl\u00fc, bohem ya\u015fam tarz\u0131n\u0131 soluyaca\u011f\u0131n\u0131z Tertre Meydan\u0131ndaki al\u0131\u015fveri\u015f veya portrenizi yapaca\u011f\u0131n\u0131z serbest zaman\u0131m\u0131z\u0131n ard\u0131ndan Paris\u2019in s\u0131f\u0131r noktas\u0131nda verece\u011fimiz foto\u011fraf molas\u0131n\u0131n ard\u0131ndan son dura\u011f\u0131m\u0131z olan Fragonard Parf\u00fcm m\u00fczesine do\u011fru yola \u00e7\u0131k\u0131yoruz. Burada Frans\u0131z parf\u00fcm\u00fcn\u00fcn yap\u0131m a\u015famalar\u0131n\u0131n her birini canland\u0131ran m\u00fczeyi gezdikten sonra, Sat\u0131\u015f ma\u011fazas\u0131nda <em>Maison Fragonard&#8217;\u0131n<\/em>\u00a0parf\u00fcm, Eaux de Toilette, sabun, mum ve dif\u00fcz\u00f6r koleksiyonunun yan\u0131 s\u0131ra kozmetik, du\u015f jeli ve hediye kutular\u0131 da sat\u0131lmaktad\u0131r. Turumuzun sonunda otelimize geri d\u00f6n\u00fcyoruz. \u00a0Ak\u015fam ise arzu eden misafirlerimiz rehberimizin ekstra olarak d\u00fczenlenecek olan Paris by Night Turu (40 Euro)\u2019na kat\u0131labilirler. Tur sonras\u0131 otelimize d\u00f6n\u00fcyoruz. Konaklama otelimizde.<\/p><p>\u00a0<\/p><p><b>3. G\u00dcN PAR\u0130S<br \/><\/b><\/p><p>Sabah kahvalt\u0131s\u0131n\u0131n ard\u0131ndan serbest zaman. Arzu eden misafirlerimiz rehberimizin ekstra olarak d\u00fczenleyece\u011fi <strong>Paris Lokal mahalleler <\/strong>turumuza (110 Euro) [<strong>Notre Dame Katedrali &amp; Latin Mahallesi &amp; Sorbonne \u00dcniversitesi &amp; Pantheon &amp; St. Germain des Pres]<\/strong> kat\u0131labilirler. Bu turumuza ilk \u00f6nce romanlara, \u015fark\u0131lara ve filmlere konu olmu\u015f me\u015fhur Notre Dame Katedrali ziyareti ile ba\u015fl\u0131yoruz. Katedral gezimiz sonras\u0131nda y\u00fcr\u00fcyerek Latin Mahallesi b\u00f6lgesine gidiyoruz. <strong>Latin Mahallesi<\/strong>, Seine Nehri&#8217;nin sol k\u0131y\u0131s\u0131nda yer al\u0131r ve Paris&#8217;in en eski semtlerinden biridir. B\u00f6lge, ad\u0131n\u0131 Orta \u00c7a\u011f&#8217;da b\u00f6lgedeki bir\u00e7ok okulda \u00f6\u011fretilen Latince&#8217;den al\u0131r. Parisliler ve turistler, buradaki canl\u0131 ve samimi atmosferin tad\u0131n\u0131 \u00e7\u0131kar\u0131r. \u0130stedi\u011finiz gibi dola\u015f\u0131rken, muhte\u015fem m\u00fczeler, Roma kal\u0131nt\u0131lar\u0131, s\u0131ra d\u0131\u015f\u0131 an\u0131tlar ve muhte\u015fem bah\u00e7elerle kar\u015f\u0131la\u015facaks\u0131n\u0131z. Saint Michel \u00c7e\u015fmesi, Saint Michel bulvar\u0131, Saint Severin kilisesi, Sorbonne \u00fcniversitesi g\u00f6r\u00fclecek yerler aras\u0131ndad\u0131r.\u00a0 Daha sonra Victor Hugo, Voltaire, Rousseau, Pierre ve Marie Curie gibi ulusun \u00f6nemli isimlerinin ebedi istirahatgah\u0131 olan\u00a0<strong>Pantheon<\/strong>\u2019u gezece\u011fiz. Bu etkileyici an\u0131t, bir tap\u0131nak g\u00f6r\u00fcn\u00fcm\u00fcndedir ve devasa bir kubbeyle kapl\u0131d\u0131r. Son dura\u011f\u0131m\u0131z olan Amerikal\u0131 \u00fcnl\u00fc yazar Ernest Hemingway, varolu\u015f\u00e7u filozoflar Jean Paul Sartre ve Simon de Beauvoir gibi pek \u00e7ok \u00fcnl\u00fc ismin u\u011frak yeri olan Saint-Germain-des-Pr\u00e9s k\u0131saca elit St. Germain semti. Cafe Le Bonaparte, Cafe de Flore ve Cafe Les Deux Magots gibi d\u00fcnyaca \u00fcnl\u00fc kafelerin yer ald\u0131\u011f\u0131, d\u00fcnyan\u0131n en eski cafe restoran\u0131 (*1686) Le Procope&#8217;un bulundu\u011fu, caz m\u00fczik festivallerine ev sahipli\u011fi yapan capcanl\u0131 St. Germain semtinde ger\u00e7ekle\u015ftirece\u011fimiz tur s\u0131ras\u0131nda panoramik olarak L\u00fcksemburg Bah\u00e7eleri, Victor Hugo&#8217;nun evlendi\u011fi St. Sulpice Kilisesi, Paris&#8217;in en eski kilisesi St. Germain-des-Pr\u00e9s g\u00f6rece\u011fimiz yerler aras\u0131ndad\u0131r. Turumuzun ard\u0131ndan otele transfer. Konaklama otelimizde.<\/p><p>*Arzu eden misafirlerimiz Paris\u2019teki serbest g\u00fcn\u00fcm\u00fcz\u00fc Disneyland\u2019\u0131 ziyaret ederek de\u011ferlendirebilirler. Rehberimiz Disneyland biletleri i\u00e7in sizlere yard\u0131mc\u0131 olacakt\u0131r. Disneyland Park\u2019a gidi\u015f\/d\u00f6n\u00fc\u015f ula\u015f\u0131m\u0131 m\u00fcnferit olarak yap\u0131lacakt\u0131r.<\/p><p>*Disneyland biletleri dinamik fiyatland\u0131rma sistemi ile belirlenmektedir. Bu sebepten dolay\u0131 g\u00fcncel park bileti fiyatlar\u0131 rehberimiz taraf\u0131ndan sizlere\u00a0iletilecektir.<\/p><p>\u00a0<\/p><p><b>4. G\u00dcN PAR\u0130S<br \/><\/b><\/p><p>Sabah kahvalt\u0131s\u0131n\u0131n ard\u0131ndan serbest zaman. Arzu eden misafirlerimiz rehberimizin ekstra olarak d\u00fczenleyece\u011fi Paris-Giverny Designer Outlet Turu (40 Euro)\u2019na kat\u0131labilirler. Modan\u0131n kalbi Paris\u2019te d\u00fcnyaca \u00fcnl\u00fc markalardan al\u0131\u015fveri\u015f yapma imkan\u0131na sahip olacaks\u0131n\u0131z. Ak\u015fam\u00fczeri otele d\u00f6n\u00fc\u015f ve serbest zaman. Geceleme otelimizde.<\/p><p>\u00a0<\/p><p><b>5. G\u00dcN PAR\u0130S \u2013 \u0130STANBUL<br \/><\/b><\/p><p>Sabah kahvalt\u0131s\u0131n\u0131n ard\u0131ndan otelden \u00e7\u0131k\u0131\u015f i\u015flemlerimizi ger\u00e7ekle\u015ftirerek serbest zaman veriyoruz. Saat 18:00 de Paris Havaliman\u0131\u2019na transfer oluyoruz. Bagaj ve check-in i\u015flemlerinin tamamlanmas\u0131n\u0131n ard\u0131ndan Air France Hava Yollar\u0131 tarifeli seferi ile saat 22:20\u2019da \u0130stanbul&#8217;a hareket. Yerel saat ile 03:50\u2019da \u0130stanbul&#8217;a var\u0131\u015f ve\u00a0turumuzun\u00a0sonu\u2026<\/p><p>\u00a0<\/p><p>Otel Kategorisi 4* Oteller<br \/>Paris Colombes, Velizy, Saint-Denis, Aulnay-sous-Bois, Roisny-sous-Bois ve Orly b\u00f6lgeleri<br \/><br \/><\/p><p>\u00a0<\/p><p><b>TUR \u00dcCRET\u0130<br \/><\/b>\u0130ki ki\u015filik odada ki\u015fi ba\u015f\u0131 : 999 Euro<br \/>Tek ki\u015filik oda : 1149 Euro<br \/>Odada 3. Ki\u015fi ek yatak : 999 Euro<br \/>0-2 ya\u015f bebek : 200 Euro<br \/>2-11 ya\u015f cocuk : 959 Euro<\/p><p>\u00a0<\/p><p><b>\u00dccrete Dahil Olan Hizmetler<br \/><\/b>\u2022 Air France Havayollar\u0131 ile \u0130stanbul &#8211; Paris &#8211; \u0130stanbul ekonomi s\u0131n\u0131f\u0131 u\u00e7ak bileti<br \/>\u2022 Havaliman\u0131 vergileri<br \/>\u2022 Paris\u2019te Kopster Hotel Residence Paris Ouest Colombes 4* VB. otelde 4 gece oda kahvalt\u0131 konaklama <br \/>\u2022 Oteldeki city tax \u00f6demesi<br \/>\u2022 Havaliman\u0131-otel-Havaliman\u0131 transferleri<br \/>\u2022 Panoramik Paris \u015fehir turu<br \/>\u2022 Paris kar\u015f\u0131lamal\u0131 Profesyonel T\u00fcrk\u00e7e Rehberlik Hizmeti<\/p><p>\u00a0<\/p><p><b>\u00dccrete Dahil olmayan Hizmetler<\/b><\/p><ul><li><p>\u2022 Yurtd\u0131\u015f\u0131 \u00e7\u0131k\u0131\u015f pulu <br \/>\u2022 Oteldeki \u015fehir vergisi \u00f6demesi direk oradan resepsiyona yap\u0131lacakt\u0131r.<br \/>\u2022 M\u00fcze ve \u00f6ren yeri giri\u015f \u00fccretleri<br \/>\u2022 \u00d6\u011flen ve Ak\u015fam yemekleri <br \/>\u2022 \u015eahsi Harcamalar <br \/>\u2022 Otellerde yap\u0131lacak olan ekstra harcamalar<br \/>\u2022 Programda belirtilmeyen servisler<br \/>\u2022 Seyahat sa\u011fl\u0131k sigortas\u0131 <br \/>\u2022 Ekstra turlar <br \/>\u2022 Disneyland Park bileti<\/p><p>\u00a0<\/p><p><br \/>Not: <br \/>\u2022 Paris Promosyon turumuz min. 20 ki\u015fi kat\u0131l\u0131m\u0131 ile ger\u00e7ekle\u015ftirilecektir. Turumuz 20 ki\u015finin alt\u0131nda kal\u0131rsa iptal olabilir.<\/p><p>\u2022 Ekstra turlar minimum 20 ki\u015fi kat\u0131l\u0131m\u0131 ile ger\u00e7ekle\u015ftirilecektir.<\/p><p>\u00a0<\/p><\/li><\/ul><p><b>GENEL B\u0130LG\u0130LER<\/b><\/p><p>\uf0b7 Rezervasyon esnas\u0131nda misafirlerimizin pasaport no, do\u011fum tarihi ve pasaportun al\u0131n\u0131\u015f\/son kullanma tarihi<br \/>bilgilerinin al\u0131nmas\u0131 gerekmektedir.<br \/>\uf0b7 Tura kat\u0131lan ki\u015filerin seyahat s\u0131ras\u0131nda yanlar\u0131nda Seyahat Sigortalar\u0131n\u0131 bulundurmalar\u0131 gerekmektedir.<br \/>\uf0b7 Yurtd\u0131\u015f\u0131 \u00c7\u0131k\u0131\u015f Harc\u0131n\u0131n, seyahat tarihinden \u00f6nce ilgili bankalara \u00f6denmesi ve dekontun seyahat s\u0131ras\u0131nda yan\u0131n\u0131zda<br \/>bulundurulmas\u0131 tavsiye edilir.<br \/>\uf0b7 Acente, kategorisi ayn\u0131 kalmak kayd\u0131yla otel isimlerini de\u011fi\u015ftirme hakk\u0131n\u0131 sakl\u0131 tutar.<br \/>\uf0b7 Ekstra turlar\u0131n veya gezilerin g\u00fcnleri; i\u00e7eri\u011fe ba\u011fl\u0131 kalmak kayd\u0131 ile kat\u0131l\u0131mc\u0131 say\u0131s\u0131na (Mimimum 20 ki\u015fi), m\u00fcze ve<br \/>\u00f6ren yerinin kapal\u0131 olma durumuna, u\u00e7u\u015f saatlerinde olu\u015fabilecek de\u011fi\u015fikliklere g\u00f6re rehber taraf\u0131ndan<br \/>de\u011fi\u015ftirilebilir.<br \/>\uf0b7 Panoramik \u015fehir turu, \u015fehirlerin tan\u0131t\u0131m\u0131 i\u00e7in d\u00fczenlenen 2-3 saat s\u00fcreli turlard\u0131r. Panoramik \u015fehir turlar\u0131; m\u00fcze ve<br \/>\u00f6ren yerleri giri\u015fleri i\u00e7ermemekte olup \u015fehir hakk\u0131nda genel bilgi vermek ama\u00e7l\u0131d\u0131r. Baz\u0131 turlar kapal\u0131 yollar veya<br \/>ara\u00e7 giri\u015fine izin verilmeyen noktalarda imk\u00e2nlar d\u00e2hilinde toplu ta\u015f\u0131ma veya yaya olarak yap\u0131labilir.<br \/>\uf0b7 Yol \u00fczeri yap\u0131lacak ekstra turlarda; tura kat\u0131lmayacak olan misafirlerimiz, rehber taraf\u0131ndan belirlenen mola<br \/>yerinde bekleme yapacaklard\u0131r. (Benzin istasyonu, Dinlenme tesisleri, Market Vb.)<br \/>\uf0b7 3 ki\u015filik odalar, otellerin m\u00fcsaitli\u011fine g\u00f6re verilmektedir. 3 ki\u015filik odalarda ilave yatak uygulamas\u0131 olup, 3. Yatak<br \/>standart yataktan k\u00fc\u00e7\u00fckt\u00fcr.<br \/>\uf0b7 2 yeti\u015fkin + 1 \u00e7ocuk olan rezervasyonlarda \u00e7ocuk i\u00e7in ayr\u0131 yatak bulunmayabilir. \u00c7ocuk fiyatlar\u0131 ancak \u00e7ocu\u011fun iki<br \/>yeti\u015fkin yan\u0131nda konaklamas\u0131 durumunda ge\u00e7erlidir.\u00a0 \u00c7ocuk indirimleri 2 yeti\u015fkin yan\u0131nda kalan ya\u015f grubuna uyan,\u00a0<br \/>\u201ctek \u00e7ocuk\u201d i\u00e7in ge\u00e7erlidir.<br \/>\uf0b7 Gidilen \u00fclkelerdeki otellerde al\u0131nacak kahvalt\u0131lar\u0131n i\u00e7eri\u011fi T\u00fcrk kahvalt\u0131s\u0131ndan farkl\u0131d\u0131r. Grup kahvalt\u0131lar\u0131 genelde<br \/>continental kahvalt\u0131 (\u00c7ay\/kahve, kuruvasan ve marmelat) olarak ayr\u0131 salonda verilebilir.<br \/>\uf0b7 Otellere giri\u015f saatleri uluslar aras\u0131 kurallarca belirlenmi\u015f olup,\u00a0 giri\u015f saat 15:00 &#8211; 16:00 aras\u0131ndad\u0131r. \u00c7\u0131k\u0131\u015f saatleri<br \/>10:00 &#8211; 12:00 aras\u0131ndad\u0131r.<br \/>\uf0b7 Fuar, kongre, konser, etkinlik,\u00a0 spor turnuvas\u0131 vb. gibi d\u00f6nemlerde oteller, belirtilen lokasyonlardan veya km\u2019<br \/>lerden daha fazla mesafede kullan\u0131labilir.<br \/>\uf0b7 Promosyon ibaresi olan turlar\u0131m\u0131zda otellerimizin konumu ve verilen i\u00e7eri\u011fi standart paketlerimize g\u00f6re farkl\u0131l\u0131k<br \/>g\u00f6sterebilir. Promosyon turlar\u0131m\u0131zda misafir taraf\u0131ndan iptal veya de\u011fi\u015fiklik yap\u0131lamaz.<br \/>\uf0b7 18 ya\u015f alt\u0131 re\u015fit say\u0131lmayan \u00e7ocuklar\u0131n anne veya babalar\u0131ndan biri veya ikisi ile beraber tura kat\u0131lmad\u0131\u011f\u0131<br \/>durumlarda, tura kat\u0131l\u0131m i\u00e7in gerekli olan muvafakatnamelerin seyahat s\u0131ras\u0131nda ki\u015filerin yan\u0131nda bulundurulmas\u0131<br \/>zorunludur.<br \/>\uf0b7 Turlar ba\u015fka acente turlar\u0131 ile birle\u015ftirilebilir.<br \/>\uf0b7 U\u00e7ak saatlerine ba\u011fl\u0131 olarak programda de\u011fi\u015fiklik olabilir.<br \/>\uf0b7 Baz\u0131 havayollar\u0131nda yeme-i\u00e7me ve online check-in hizmetleri \u00fccrete tabi olabilir.<br \/>\uf0b7 Otob\u00fcsl\u00fc turlar\u0131m\u0131zda, rezervasyon esnas\u0131nda kesinlikle \u201cKoltuk Numaras\u0131\u201d garantisi verilmez. Otob\u00fcsl\u00fc<br \/>turlar\u0131m\u0131zda kullan\u0131lacak ara\u00e7 tipleri, kat\u0131l\u0131mc\u0131 say\u0131s\u0131na g\u00f6re belirlenmektedir.<br \/>\uf0b7 T.C. Ye\u015fil Pasaportu ile seyahat edecek misafirlerimizin pasaport al\u0131n\u0131\u015f tarihi 10 y\u0131ldan eski ise; pasaportlar\u0131n\u0131<br \/>yenilemeleri gereklidir.<br \/>\uf0b7 Y\u0131rt\u0131k, y\u0131pranm\u0131\u015f, \u0131slanm\u0131\u015f ve\/veya benzeri tahribat(lar)a u\u011fram\u0131\u015f pasaportlar nedeniyle ziyaret edilecek \u00fclke s\u0131n\u0131r<br \/>kap\u0131s\u0131nda g\u00fcmr\u00fck polisi ile sorun ya\u015fanmamas\u0131 ad\u0131na; an\u0131lan pasaportlar\u0131n yenilenmesi ve T.C. vatanda\u015flar\u0131na vize<br \/>uygulayan bir \u00fclke ise ilgili vizenin yeni pasaportta olmas\u0131 gerekmektedir. Aksi durumda sorumluluk yolcuya aittir.<br \/>\uf0b7 Seyahat biti\u015f tarihi sonras\u0131, pasaport ge\u00e7erlilik s\u00fcreleri \u00fclkelere g\u00f6re minimum 6 ay ile 1 y\u0131l aral\u0131\u011f\u0131nda de\u011fi\u015fkenlik<br \/>g\u00f6stermektedir. \u00dclkelerin talepleri olan pasaport ge\u00e7erlilik s\u00fcresi bilgilerine\u00a0 buraya \u00a0t\u0131klayarak ula\u015fabilirsiniz.\u00a0\u00a0Aksi<br \/>durumda misafirlerimiz \u00fclke pasaport polisleri taraf\u0131ndan \u00fclkeye al\u0131nmama durumu ile kar\u015f\u0131la\u015fabilir.<br \/>\uf0b7 Schengen b\u00f6lgesine seyahat edecek herhangi bir pasaport tipine sahip misafirlerin e\u011fer pasaportlar\u0131n\u0131n al\u0131n\u0131\u015f<br \/>tarihi 10 y\u0131ldan eski ise; pasaportlar\u0131n\u0131 yenilemeleri talep edilebilir. Aksi halde gidecekleri \u00fclkeye kabul<br \/>edilmeyebilirler ve\/veya T\u00fcrkiye&amp;#39;den havayolu firmas\u0131 taraf\u0131ndan u\u00e7u\u015flar\u0131 ger\u00e7ekle\u015ftirilmeyebilir. B\u00f6yle bir<br \/>durumda sorumluluk yolcuya aittir.<br \/>\uf0b7 Schengen Vizesi istenen destinasyonlara yap\u0131lan gezilere kat\u0131lacak T.C. Vatanda\u015f\u0131 misafirlerin mutlaka vize<br \/>ge\u00e7erlili\u011fini, \u00e7ok giri\u015fli olup olmad\u0131\u011f\u0131n\u0131, kullan\u0131m s\u00fcresinin biti\u015fini kontrol etmesi gerekmektedir.<br \/>\uf0b7 T.C. vatanda\u015f\u0131 olsa dahi, yurt d\u0131\u015f\u0131 gezisine farkl\u0131 bir \u00fclkeden sahip oldu\u011fu pasaport ile \u00e7\u0131kacak misafirlerimizin,<br \/>seyahat edece\u011fi \u00fclke(ler)de vize uygulamas\u0131 olup olmad\u0131\u011f\u0131 hakk\u0131nda, ilgili konsoloslu\u011fa ba\u015fvurarak bilgi almas\u0131<br \/>gerekmektedir.<br \/>\uf0b7 Turun iptali durumunda vize \u00fccreti iade edilmez. Vize al\u0131nm\u0131\u015f olmas\u0131, \u00fclkeye giri\u015f yap\u0131labilece\u011fi anlam\u0131na gelmez,<br \/>pasaport polisinin \u00fclkeye sokmama yetkisi vard\u0131r. Bu durumdan Tatilsepeti.com sorumlu de\u011fildir, sorumluluk<br \/>misafire (yolcuya) aittir.<br \/>\uf0b7 Yeterli say\u0131 sa\u011flanamad\u0131\u011f\u0131 takdirde geziler yap\u0131lamamakta veya ekstra gezi fiyatlar\u0131, i\u00e7erik, kullan\u0131lacak ara\u00e7 ve<br \/>kat\u0131l\u0131mc\u0131 say\u0131s\u0131na g\u00f6re de\u011fi\u015fiklik g\u00f6stermektedir.<br \/>Not: Acente havayolu ile yolcu aras\u0131nda arac\u0131 konumunda olup, 28.09.1955 Lahey Protokol\u00fcne t\u00e2bidir. U\u00e7u\u015f<br \/>\u00f6ncesinde saatler de\u011fi\u015febilir ve t\u00fcm saatlerin hareket tarihlerinden 48 saat \u00f6nce teyid edilmesi gerekmektedir.<br \/>Yurtd\u0131\u015f\u0131 gezilerinde en az 6 ay ge\u00e7erli pasaport olmas\u0131 mecbur\u00eedir. Paket tura kat\u0131lacak say\u0131n\u0131n yeterli olmamas\u0131<br \/>durumunda 20 g\u00fcn \u00f6ncesinden tur iptali t\u00fcketiciye bildirilir. U\u00e7a\u011f\u0131n inece\u011fi \u015fehre g\u00f6re parkurlarda de\u011fi\u015fiklikler<br \/>olabilir.<\/p>\t\t\t\t\t\t\t\t<\/div>\n\t\t\t\t<\/div>\n\t\t\t\t\t<\/div>\n\t\t\t\t<\/div>\n\t\t\t\t<\/div>\n\t\t","protected":false},"excerpt":{"rendered":"<p>1. G\u00fcn \u0130STANBUL \u2013 PAR\u0130S \u0130stanbul Havaliman\u0131ndan Air France Havayollar\u0131 u\u00e7a\u011f\u0131 ile saat 04:50 de Paris\u2019e u\u00e7u\u015f. Yakla\u015f\u0131k 3,5 saatlik u\u00e7u\u015fun ard\u0131ndan yerel saat ile 06:35 te Paris\u2019e var\u0131yoruz. Var\u0131\u015f\u0131m\u0131z\u0131n ard\u0131ndan alanda bekleyen arac\u0131m\u0131z ile otele transfer ve serbest zaman. (Otele c. \u0130n saatimiz saat 15:00\u2019tir) Dileyen misafirlerimiz ile ekstra olarak yap\u0131lacak olan Paris \u015fehir [&hellip;]<\/p>\n","protected":false},"author":1,"featured_media":3888,"parent":0,"menu_order":0,"comment_status":"closed","ping_status":"closed","template":"","meta":{"footnotes":""},"class_list":["post-3950","page","type-page","status-publish","has-post-thumbnail","hentry"],"acf":[],"_links":{"self":[{"href":"https:\/\/izzydmc.com\/index.php?rest_route=\/wp\/v2\/pages\/3950"}],"collection":[{"href":"https:\/\/izzydmc.com\/index.php?rest_route=\/wp\/v2\/pages"}],"about":[{"href":"https:\/\/izzydmc.com\/index.php?rest_route=\/wp\/v2\/types\/page"}],"author":[{"embeddable":true,"href":"https:\/\/izzydmc.com\/index.php?rest_route=\/wp\/v2\/users\/1"}],"replies":[{"embeddable":true,"href":"https:\/\/izzydmc.com\/index.php?rest_route=%2Fwp%2Fv2%2Fcomments&post=3950"}],"version-history":[{"count":12,"href":"https:\/\/izzydmc.com\/index.php?rest_route=\/wp\/v2\/pages\/3950\/revisions"}],"predecessor-version":[{"id":4325,"href":"https:\/\/izzydmc.com\/index.php?rest_route=\/wp\/v2\/pages\/3950\/revisions\/4325"}],"wp:featuredmedia":[{"embeddable":true,"href":"https:\/\/izzydmc.com\/index.php?rest_route=\/wp\/v2\/media\/3888"}],"wp:attachment":[{"href":"https:\/\/izzydmc.com\/index.php?rest_route=%2Fwp%2Fv2%2Fmedia&parent=3950"}],"curies":[{"name":"wp","href":"https:\/\/api.w.org\/{rel}","templated":true}]}}