{"id":4027,"date":"2025-08-25T08:03:25","date_gmt":"2025-08-25T08:03:25","guid":{"rendered":"https:\/\/izzydmc.com\/?page_id=4027"},"modified":"2025-08-25T08:07:09","modified_gmt":"2025-08-25T08:07:09","slug":"atina-thy-30-nisan-03-mayis-2026","status":"publish","type":"page","link":"https:\/\/izzydmc.com\/?page_id=4027","title":{"rendered":"AT\u0130NA THY 30 Nisan &#8211; 03 May\u0131s 2026"},"content":{"rendered":"\t\t<div data-elementor-type=\"wp-page\" data-elementor-id=\"4027\" class=\"elementor elementor-4027\">\n\t\t\t\t<div class=\"elementor-element elementor-element-e25fb10 e-flex e-con-boxed e-con e-parent\" data-id=\"e25fb10\" data-element_type=\"container\" data-e-type=\"container\">\n\t\t\t\t\t<div class=\"e-con-inner\">\n\t\t\t\t<div class=\"elementor-element elementor-element-e083730 elementor-widget elementor-widget-text-editor\" data-id=\"e083730\" data-element_type=\"widget\" data-e-type=\"widget\" data-widget_type=\"text-editor.default\">\n\t\t\t\t<div class=\"elementor-widget-container\">\n\t\t\t\t\t\t\t\t\t<p><b>1.G\u00fcn \u0130stanbul &#8211; Atina<\/b><br>\u0130stanbul Havaliman\u0131 D\u0131\u015f Hatlar Terminali T\u00fcrk Hava yollar\u0131 Kontuar\u0131 \u00f6n\u00fcnde Saat 05:00\u2019de bulu\u015fma. Bilet ve pasaport<br>i\u015flemlerinden sonra T\u00fcrk Havayollar\u0131&amp;#39;n\u0131n Tarifeli Seferi ile saat 07:25\u2019de Atina&amp;#39;ya hareket ediyoruz. Yerel saat<br>08:55\u2019de Atina\u2019ya var\u0131\u015f\u0131m\u0131z\u0131n ard\u0131ndan Panoramik Atina \u015eehir turumuza ba\u015fl\u0131yoruz. Agora, Zeus Tap\u0131na\u011f\u0131, Parlamento<br>Binas\u0131, Syntagma &#8211; Omonia Meydanlar\u0131 Cumhurba\u015fkanl\u0131\u011f\u0131 Saray\u0131 Ba\u015fbakanl\u0131k Konutu, Tarihi Olimpiyat Stadyumu,<br>Panepistimiou Bulvarlar\u0131, Ulusal K\u00fct\u00fcphane ve Akademi \u00dcniversitesi panoramik olarak g\u00f6r\u00fclecek yerler aras\u0131ndad\u0131r.<br>Panoramik \u015fehir turunun ard\u0131ndan otelimize transfer ve yerle\u015fme. Dinlenme imk\u00e2n\u0131. Geceleme otelimizde.<br><br><\/p>\n<p><b>2.G\u00fcn Atina<\/b>&nbsp;<br>Sabah otelde al\u0131nacak kahvalt\u0131n\u0131n ard\u0131ndan serbest zaman. Arzu edenler ile ekstra olarak yap\u0131lacak olan tam g\u00fcnl\u00fck<br>Corint, Argos, Epidauros ve Nafplion turumuz i\u00e7in otelimizden hareket ediyoruz. (95 Euro)<br>Yunanistan&amp;#39;\u0131n en eski \u015fehirlerinden biri olan Nafplion, Orta \u00c7a\u011f havas\u0131na sahip tatl\u0131 bir Peloponez -yani Mora<br>Yar\u0131madas\u0131- kasabas\u0131d\u0131r.<br>Epidauros Antik Tiyatrosu, Mora Yar\u0131madas\u0131&amp;#39;nda Epidauros antik kentinde bulunan antik tiyatrodur. M.\u00d6. 4. y\u00fczy\u0131la<br>tarihlenen yap\u0131, Atina&amp;#39;da Kynortion yanarda\u011f\u0131n\u0131n yamac\u0131ndad\u0131r. G\u00fcn\u00fcm\u00fcze kadar en iyi durumda gelen ve akusti\u011fi en<br>iyi olan Antik Yunan tiyatrosu olarak kabul edilir.<br>Corinth kanal\u0131, Yunanistan\u2019\u0131n kuzey kara topraklar\u0131n\u0131 Mora Yar\u0131madas\u0131\u2019ndan ay\u0131ran, Ege ve Iyonya denizini birbirine<br>ba\u011flayan 6.5 km uzunlu\u011funda yapay bir kanald\u0131r. S\u00fcvey\u015f Kanal\u0131, Panama Kanal\u0131,&nbsp;Tuna-Karadeniz kanallar\u0131 gibi insan<br>g\u00fcc\u00fc ile yap\u0131lan ender kanallardan biridir.<br>Argos, Yunanistan\u2019\u0131n antik kentler alan\u0131nda egemen oldu\u011funu s\u00f6yleyebiliriz. Her ne kadar sadece 22.000 n\u00fcfusu ile<br>Atina\u2019n\u0131n \u00fc\u00e7 milyonu taraf\u0131ndan g\u00f6lgede kalsa da, Argos M\u00d6 5.000\u2019den beri s\u00fcrekli olarak yerle\u015fim yeri olarak<br>biliniyor ve tar\u0131m \u015fehrin ana itici g\u00fcc\u00fcn\u00fc sa\u011fl\u0131yor. Ayr\u0131ca Yunan mitolojisinde \u00f6nemli bir fig\u00fcr\u00fcn ad\u0131 \u2013 tanr\u0131 ve tanr\u0131\u00e7a<br>Zeus ve Niobe\u2019nin o\u011flu Argus \u2013 Peloponez B\u00f6lgesi\u2019ndeki bu \u015fehir, y\u0131llarca turist \u00e7eken antik Miken mezarlar\u0131 ve<br>tiyatrolar\u0131 ile muazzam k\u00fclt\u00fcrel a\u011f\u0131rl\u0131k ta\u015f\u0131yor. Bu arada, Yunan Patra, Trikala ve Thebes \u015fehirleri M\u00d6 3.000 ila 3.500<br>aras\u0131nda b\u00fcy\u00fcrken, Chalis ve Midilli M\u00d6 1.300 ila 1.100 civar\u0131nda izledi.<br>Turumuzda serbest olarak \u00f6\u011flen yeme\u011fimizi Nafplion \u015fehrinde alaca\u011f\u0131z. Ak\u015fam \u00fczere otelimize d\u00f6n\u00fc\u015f ve dinlenme<br>imkan\u0131. Geceleme otelimizde.<br><br><\/p>\n<p><b>3.G\u00fcn Atina&nbsp;<br><\/b>Sabah otelde al\u0131nacak kahvalt\u0131n\u0131n ard\u0131ndan serbest zaman. Arzu eden misafirlerimiz ile ekstra yap\u0131lacak olan Akropol<br>Turu (50 Euro) i\u00e7in otelimizden hareket edece\u011fiz. Atina Akropolisi, Atina&amp;#39;ya h\u00e2kim y\u00fcksek bir kayal\u0131k \u00fczerinde<br>bulunan ve b\u00fcy\u00fck mimari ve tarihi \u00f6nemi olan bir\u00e7ok antik yap\u0131 kal\u0131nt\u0131lar\u0131n\u0131 i\u00e7eren eski bir hisard\u0131r. Atina Akropolisi,<br>t\u00fcm akropolislerin en bilineni oldu\u011fu i\u00e7in genellikle Akropolis denilince t\u00fcm d\u00fcnyada ilk akla gelen yerdir.&nbsp;<br>Akropol turumuzdan sonra merkezde al\u0131\u015fveri\u015f ve \u00e7evre gezisi i\u00e7in serbest zaman ve otele serbest d\u00f6n\u00fc\u015f. \u00d6\u011flen<br>yeme\u011fi serbest olarak al\u0131nacakt\u0131r. Geceleme otelimizde.<br><br><\/p>\n<p><b>4. G\u00fcn Atina &#8211; \u0130stanbul<br><\/b>Sabah kahvalt\u0131 sonras\u0131 saat 11:00\u2019de odalar\u0131n bo\u015falt\u0131lmas\u0131 ve valizlerin valiz odas\u0131na b\u0131rak\u0131lmas\u0131. Transfer saatine<br>kadar Atina merkezinde al\u0131\u015fveri\u015f ve \u00e7evre gezisi i\u00e7in serbest zaman. Ak\u015fam\u00fczeri 19:00\u2019da Atina Havaliman\u0131na hareket.<br>Check in ve bagaj i\u015flemlerinin ard\u0131ndan T\u00fcrk Havayollar\u0131&amp;#39;n\u0131n Tarifeli seferi ile saat 22:00\u2019de \u0130stanbul&amp;#39;a hareket<br>ediyoruz. Yerel saat 23:40\u2019da \u0130stanbul Havaliman\u0131&amp;#39;na var\u0131\u015f\u0131m\u0131z ile turumuzun sonuna geliyoruz. Bir sonraki<br>seyahatinizde g\u00f6r\u00fc\u015fmek dile\u011fiyle.<\/p>\n<p><br><\/p>\n<p><b>OTEL\u0130M\u0130Z <\/b>:<br>4* Novotel Athens vb. (Merkez)<br><br><\/p><p><b>U\u00c7AK DETAYLARI<br><\/b>30.04 TK 1843 \u0130STANBUL AT\u0130NA 07:25 08:55<br>03.05 TK 1846 AT\u0130NA \u0130STANBUL 22:00 23:40<br><br><\/p>\n<p><b>TUR \u00dcCRET\u0130<br><\/b>\u0130ki Ki\u015filik odada ki\u015fi ba\u015f\u0131 : 649 Euro<br>Tek Ki\u015filik oda : 849 Euro<br>Odada 3. Ki\u015fi : 649 Euro<br>0-2 Ya\u015f : 200 Euro<br>2-11 Ya\u015f : 499 Euro<br><br><\/p>\n<p><b>\u00dccrete Dahil Olan Hizmetler<br><\/b>\uf0b7 T\u00fcrk Havayollar\u0131 ile \u0130stanbul \u2013 Atina &#8211; \u0130stanbul ekonomi s\u0131n\u0131f\u0131 u\u00e7ak bileti<br>\uf0b7 Havaliman\u0131 vergileri<br>\uf0b7 Atina\u2019da 3 gece 4* otelde oda kahvalt\u0131 konaklama<br>\uf0b7 Oteldeki city tax \u00f6demesi<br>\uf0b7 Havaliman\u0131-otel-Havaliman\u0131 transferleri<br>\uf0b7 Panoramik Atina \u015fehir turu<br>\uf0b7 Atina kar\u015f\u0131lamal\u0131 T\u00fcrk\u00e7e Rehberlik Hizmeti<br><br><\/p>\n<p><b>\u00dccrete Dahil olmayan Hizmetler<br><\/b>\uf0b7 Yurtd\u0131\u015f\u0131 \u00e7\u0131k\u0131\u015f pulu 150 TL<br>\uf0b7 \u015eahsi Harcamalar<br>\uf0b7 Otellerde yap\u0131lacak olan ekstra harcamalar<br>\uf0b7 Programda belirtilmeyen servisler<br>\uf0b7 Serbest \u00d6\u011flen yemekleri<br>\uf0b7 M\u00fcze ve \u00f6ren yeri giri\u015f \u00fccretleri<br>\uf0b7 Ekstra turlar<br>\uf0b7 Rehber ve \u015e\u00f6f\u00f6r bah\u015fi\u015fleri<br>\uf0b7 Seyahat Sigortas\u0131<\/p>\n<p><br><\/p>\n<p><b>GENEL B\u0130LG\u0130LER<\/b><\/p>\n<p>\uf0b7 Rezervasyon esnas\u0131nda misafirlerimizin pasaport no, do\u011fum tarihi ve pasaportun al\u0131n\u0131\u015f\/son kullanma tarihi<br>bilgilerinin al\u0131nmas\u0131 gerekmektedir.<br>\uf0b7 Tura kat\u0131lan ki\u015filerin seyahat s\u0131ras\u0131nda yanlar\u0131nda Seyahat Sigortalar\u0131n\u0131 bulundurmalar\u0131 gerekmektedir.<br>\uf0b7 Yurtd\u0131\u015f\u0131 \u00c7\u0131k\u0131\u015f Harc\u0131n\u0131n, seyahat tarihinden \u00f6nce ilgili bankalara \u00f6denmesi ve dekontun seyahat s\u0131ras\u0131nda yan\u0131n\u0131zda<br>bulundurulmas\u0131 tavsiye edilir.<br>\uf0b7 Acente, kategorisi ayn\u0131 kalmak kayd\u0131yla otel isimlerini de\u011fi\u015ftirme hakk\u0131n\u0131 sakl\u0131 tutar.<br>\uf0b7 Ekstra turlar\u0131n veya gezilerin g\u00fcnleri; i\u00e7eri\u011fe ba\u011fl\u0131 kalmak kayd\u0131 ile kat\u0131l\u0131mc\u0131 say\u0131s\u0131na (Mimimum 20 ki\u015fi), m\u00fcze ve<br>\u00f6ren yerinin kapal\u0131 olma durumuna, u\u00e7u\u015f saatlerinde olu\u015fabilecek de\u011fi\u015fikliklere g\u00f6re rehber taraf\u0131ndan<br>de\u011fi\u015ftirilebilir.<br>\uf0b7 Panoramik \u015fehir turu, \u015fehirlerin tan\u0131t\u0131m\u0131 i\u00e7in d\u00fczenlenen 2-3 saat s\u00fcreli turlard\u0131r. Panoramik \u015fehir turlar\u0131; m\u00fcze ve<br>\u00f6ren yerleri giri\u015fleri i\u00e7ermemekte olup \u015fehir hakk\u0131nda genel bilgi vermek ama\u00e7l\u0131d\u0131r. Baz\u0131 turlar kapal\u0131 yollar veya<br>ara\u00e7 giri\u015fine izin verilmeyen noktalarda imk\u00e2nlar d\u00e2hilinde toplu ta\u015f\u0131ma veya yaya olarak yap\u0131labilir.<br>\uf0b7 Yol \u00fczeri yap\u0131lacak ekstra turlarda; tura kat\u0131lmayacak olan misafirlerimiz, rehber taraf\u0131ndan belirlenen mola<br>yerinde bekleme yapacaklard\u0131r. (Benzin istasyonu, Dinlenme tesisleri, Market Vb.)<br>\uf0b7 3 ki\u015filik odalar, otellerin m\u00fcsaitli\u011fine g\u00f6re verilmektedir. 3 ki\u015filik odalarda ilave yatak uygulamas\u0131 olup, 3. Yatak<br>standart yataktan k\u00fc\u00e7\u00fckt\u00fcr.<br>\uf0b7 2 yeti\u015fkin + 1 \u00e7ocuk olan rezervasyonlarda \u00e7ocuk i\u00e7in ayr\u0131 yatak bulunmayabilir. \u00c7ocuk fiyatlar\u0131 ancak \u00e7ocu\u011fun iki<br>yeti\u015fkin yan\u0131nda konaklamas\u0131 durumunda ge\u00e7erlidir.&nbsp; \u00c7ocuk indirimleri 2 yeti\u015fkin yan\u0131nda kalan ya\u015f grubuna uyan,&nbsp;<br>\u201ctek \u00e7ocuk\u201d i\u00e7in ge\u00e7erlidir.<br>\uf0b7 Gidilen \u00fclkelerdeki otellerde al\u0131nacak kahvalt\u0131lar\u0131n i\u00e7eri\u011fi T\u00fcrk kahvalt\u0131s\u0131ndan farkl\u0131d\u0131r. Grup kahvalt\u0131lar\u0131 genelde<br>continental kahvalt\u0131 (\u00c7ay\/kahve, kuruvasan ve marmelat) olarak ayr\u0131 salonda verilebilir.<br>\uf0b7 Otellere giri\u015f saatleri uluslar aras\u0131 kurallarca belirlenmi\u015f olup,&nbsp; giri\u015f saat 15:00 &#8211; 16:00 aras\u0131ndad\u0131r. \u00c7\u0131k\u0131\u015f saatleri<br>10:00 &#8211; 12:00 aras\u0131ndad\u0131r.<br>\uf0b7 Fuar, kongre, konser, etkinlik,&nbsp; spor turnuvas\u0131 vb. gibi d\u00f6nemlerde oteller, belirtilen lokasyonlardan veya km\u2019<br>lerden daha fazla mesafede kullan\u0131labilir.<br>\uf0b7 Promosyon ibaresi olan turlar\u0131m\u0131zda otellerimizin konumu ve verilen i\u00e7eri\u011fi standart paketlerimize g\u00f6re farkl\u0131l\u0131k<br>g\u00f6sterebilir. Promosyon turlar\u0131m\u0131zda misafir taraf\u0131ndan iptal veya de\u011fi\u015fiklik yap\u0131lamaz.<br>\uf0b7 18 ya\u015f alt\u0131 re\u015fit say\u0131lmayan \u00e7ocuklar\u0131n anne veya babalar\u0131ndan biri veya ikisi ile beraber tura kat\u0131lmad\u0131\u011f\u0131<br>durumlarda, tura kat\u0131l\u0131m i\u00e7in gerekli olan muvafakatnamelerin seyahat s\u0131ras\u0131nda ki\u015filerin yan\u0131nda bulundurulmas\u0131<br>zorunludur.<br>\uf0b7 Turlar ba\u015fka acente turlar\u0131 ile birle\u015ftirilebilir.<br>\uf0b7 U\u00e7ak saatlerine ba\u011fl\u0131 olarak programda de\u011fi\u015fiklik olabilir.<br>\uf0b7 Baz\u0131 havayollar\u0131nda yeme-i\u00e7me ve online check-in hizmetleri \u00fccrete tabi olabilir.<br>\uf0b7 Otob\u00fcsl\u00fc turlar\u0131m\u0131zda, rezervasyon esnas\u0131nda kesinlikle \u201cKoltuk Numaras\u0131\u201d garantisi verilmez. Otob\u00fcsl\u00fc<br>turlar\u0131m\u0131zda kullan\u0131lacak ara\u00e7 tipleri, kat\u0131l\u0131mc\u0131 say\u0131s\u0131na g\u00f6re belirlenmektedir.<br>\uf0b7 T.C. Ye\u015fil Pasaportu ile seyahat edecek misafirlerimizin pasaport al\u0131n\u0131\u015f tarihi 10 y\u0131ldan eski ise; pasaportlar\u0131n\u0131<br>yenilemeleri gereklidir.<br>\uf0b7 Y\u0131rt\u0131k, y\u0131pranm\u0131\u015f, \u0131slanm\u0131\u015f ve\/veya benzeri tahribat(lar)a u\u011fram\u0131\u015f pasaportlar nedeniyle ziyaret edilecek \u00fclke s\u0131n\u0131r<br>kap\u0131s\u0131nda g\u00fcmr\u00fck polisi ile sorun ya\u015fanmamas\u0131 ad\u0131na; an\u0131lan pasaportlar\u0131n yenilenmesi ve T.C. vatanda\u015flar\u0131na vize<br>uygulayan bir \u00fclke ise ilgili vizenin yeni pasaportta olmas\u0131 gerekmektedir. Aksi durumda sorumluluk yolcuya aittir.<br>\uf0b7 Seyahat biti\u015f tarihi sonras\u0131, pasaport ge\u00e7erlilik s\u00fcreleri \u00fclkelere g\u00f6re minimum 6 ay ile 1 y\u0131l aral\u0131\u011f\u0131nda de\u011fi\u015fkenlik<br>g\u00f6stermektedir. \u00dclkelerin talepleri olan pasaport ge\u00e7erlilik s\u00fcresi bilgilerine&nbsp; buraya &nbsp;t\u0131klayarak ula\u015fabilirsiniz.&nbsp;&nbsp;Aksi<br>durumda misafirlerimiz \u00fclke pasaport polisleri taraf\u0131ndan \u00fclkeye al\u0131nmama durumu ile kar\u015f\u0131la\u015fabilir.<br>\uf0b7 Schengen b\u00f6lgesine seyahat edecek herhangi bir pasaport tipine sahip misafirlerin e\u011fer pasaportlar\u0131n\u0131n al\u0131n\u0131\u015f<br>tarihi 10 y\u0131ldan eski ise; pasaportlar\u0131n\u0131 yenilemeleri talep edilebilir. Aksi halde gidecekleri \u00fclkeye kabul<br>edilmeyebilirler ve\/veya T\u00fcrkiye&amp;#39;den havayolu firmas\u0131 taraf\u0131ndan u\u00e7u\u015flar\u0131 ger\u00e7ekle\u015ftirilmeyebilir. B\u00f6yle bir<br>durumda sorumluluk yolcuya aittir.<\/p>\n<p>\uf0b7 Schengen Vizesi istenen destinasyonlara yap\u0131lan gezilere kat\u0131lacak T.C. Vatanda\u015f\u0131 misafirlerin mutlaka vize<br>ge\u00e7erlili\u011fini, \u00e7ok giri\u015fli olup olmad\u0131\u011f\u0131n\u0131, kullan\u0131m s\u00fcresinin biti\u015fini kontrol etmesi gerekmektedir.<br>\uf0b7 T.C. vatanda\u015f\u0131 olsa dahi, yurt d\u0131\u015f\u0131 gezisine farkl\u0131 bir \u00fclkeden sahip oldu\u011fu pasaport ile \u00e7\u0131kacak misafirlerimizin,<br>seyahat edece\u011fi \u00fclke(ler)de vize uygulamas\u0131 olup olmad\u0131\u011f\u0131 hakk\u0131nda, ilgili konsoloslu\u011fa ba\u015fvurarak bilgi almas\u0131<br>gerekmektedir.<br>\uf0b7 Turun iptali durumunda vize \u00fccreti iade edilmez. Vize al\u0131nm\u0131\u015f olmas\u0131, \u00fclkeye giri\u015f yap\u0131labilece\u011fi anlam\u0131na gelmez,<br>pasaport polisinin \u00fclkeye sokmama yetkisi vard\u0131r. Bu durumdan Tatilsepeti.com sorumlu de\u011fildir, sorumluluk<br>misafire (yolcuya) aittir.<br>\uf0b7 Yeterli say\u0131 sa\u011flanamad\u0131\u011f\u0131 takdirde geziler yap\u0131lamamakta veya ekstra gezi fiyatlar\u0131, i\u00e7erik, kullan\u0131lacak ara\u00e7 ve<br>kat\u0131l\u0131mc\u0131 say\u0131s\u0131na g\u00f6re de\u011fi\u015fiklik g\u00f6stermektedir.<br>Not: Acente havayolu ile yolcu aras\u0131nda arac\u0131 konumunda olup, 28.09.1955 Lahey Protokol\u00fcne t\u00e2bidir. U\u00e7u\u015f<br>\u00f6ncesinde saatler de\u011fi\u015febilir ve t\u00fcm saatlerin hareket tarihlerinden 48 saat \u00f6nce teyid edilmesi gerekmektedir.<br>Yurtd\u0131\u015f\u0131 gezilerinde en az 6 ay ge\u00e7erli pasaport olmas\u0131 mecbur\u00eedir. Paket tura kat\u0131lacak say\u0131n\u0131n yeterli olmamas\u0131<br>durumunda 20 g\u00fcn \u00f6ncesinden tur iptali t\u00fcketiciye bildirilir. U\u00e7a\u011f\u0131n inece\u011fi \u015fehre g\u00f6re parkurlarda de\u011fi\u015fiklikler<br>olabilir.<\/p>\t\t\t\t\t\t\t\t<\/div>\n\t\t\t\t<\/div>\n\t\t\t\t\t<\/div>\n\t\t\t\t<\/div>\n\t\t\t\t<\/div>\n\t\t","protected":false},"excerpt":{"rendered":"<p>1.G\u00fcn \u0130stanbul &#8211; Atina\u0130stanbul Havaliman\u0131 D\u0131\u015f Hatlar Terminali T\u00fcrk Hava yollar\u0131 Kontuar\u0131 \u00f6n\u00fcnde Saat 05:00\u2019de bulu\u015fma. Bilet ve pasaporti\u015flemlerinden sonra T\u00fcrk Havayollar\u0131&amp;#39;n\u0131n Tarifeli Seferi ile saat 07:25\u2019de Atina&amp;#39;ya hareket ediyoruz. Yerel saat08:55\u2019de Atina\u2019ya var\u0131\u015f\u0131m\u0131z\u0131n ard\u0131ndan Panoramik Atina \u015eehir turumuza ba\u015fl\u0131yoruz. Agora, Zeus Tap\u0131na\u011f\u0131, ParlamentoBinas\u0131, Syntagma &#8211; Omonia Meydanlar\u0131 Cumhurba\u015fkanl\u0131\u011f\u0131 Saray\u0131 Ba\u015fbakanl\u0131k Konutu, Tarihi Olimpiyat Stadyumu,Panepistimiou [&hellip;]<\/p>\n","protected":false},"author":1,"featured_media":3997,"parent":0,"menu_order":0,"comment_status":"closed","ping_status":"closed","template":"","meta":{"footnotes":""},"class_list":["post-4027","page","type-page","status-publish","has-post-thumbnail","hentry"],"acf":[],"_links":{"self":[{"href":"https:\/\/izzydmc.com\/index.php?rest_route=\/wp\/v2\/pages\/4027"}],"collection":[{"href":"https:\/\/izzydmc.com\/index.php?rest_route=\/wp\/v2\/pages"}],"about":[{"href":"https:\/\/izzydmc.com\/index.php?rest_route=\/wp\/v2\/types\/page"}],"author":[{"embeddable":true,"href":"https:\/\/izzydmc.com\/index.php?rest_route=\/wp\/v2\/users\/1"}],"replies":[{"embeddable":true,"href":"https:\/\/izzydmc.com\/index.php?rest_route=%2Fwp%2Fv2%2Fcomments&post=4027"}],"version-history":[{"count":7,"href":"https:\/\/izzydmc.com\/index.php?rest_route=\/wp\/v2\/pages\/4027\/revisions"}],"predecessor-version":[{"id":4034,"href":"https:\/\/izzydmc.com\/index.php?rest_route=\/wp\/v2\/pages\/4027\/revisions\/4034"}],"wp:featuredmedia":[{"embeddable":true,"href":"https:\/\/izzydmc.com\/index.php?rest_route=\/wp\/v2\/media\/3997"}],"wp:attachment":[{"href":"https:\/\/izzydmc.com\/index.php?rest_route=%2Fwp%2Fv2%2Fmedia&parent=4027"}],"curies":[{"name":"wp","href":"https:\/\/api.w.org\/{rel}","templated":true}]}}