{"id":4097,"date":"2025-08-25T12:42:49","date_gmt":"2025-08-25T12:42:49","guid":{"rendered":"https:\/\/izzydmc.com\/?page_id=4097"},"modified":"2026-02-26T12:54:31","modified_gmt":"2026-02-26T12:54:31","slug":"belgrad-turu-thy-30-nisan-03-mayis-2026","status":"publish","type":"page","link":"https:\/\/izzydmc.com\/?page_id=4097","title":{"rendered":"Belgrad Turu THY 30 Nisan- 03 May\u0131s 2026"},"content":{"rendered":"\t\t<div data-elementor-type=\"wp-page\" data-elementor-id=\"4097\" class=\"elementor elementor-4097\">\n\t\t\t\t<div class=\"elementor-element elementor-element-e25fb10 e-flex e-con-boxed e-con e-parent\" data-id=\"e25fb10\" data-element_type=\"container\" data-e-type=\"container\">\n\t\t\t\t\t<div class=\"e-con-inner\">\n\t\t\t\t<div class=\"elementor-element elementor-element-e083730 elementor-widget elementor-widget-text-editor\" data-id=\"e083730\" data-element_type=\"widget\" data-e-type=\"widget\" data-widget_type=\"text-editor.default\">\n\t\t\t\t<div class=\"elementor-widget-container\">\n\t\t\t\t\t\t\t\t\t<p><b>1.G\u00dcN<\/b> <b>\u0130stanbul (IST)- Belgrad<\/b><\/p>\n<p><span style=\"font-weight: 400;\">\u0130stanbul Yeni Havaliman\u0131 D\u0131\u015f Hatlar gidi\u015f terminalinde siz de\u011ferli konuklar\u0131m\u0131zla u\u00e7u\u015ftan minimum 3 saat \u00f6nce bulu\u015fma. Bilet, bagaj ve pasaport i\u015flemlerini takiben, T\u00fcrk havayollar\u0131n\u0131n&nbsp;&nbsp;TK1081&nbsp; tarifeli u\u00e7a\u011f\u0131 ile 07:45&#8217;de&nbsp;Belgrad\u2019 a hareket. Yerel saat ile 08:30&#8217;da&nbsp;var\u0131\u015f. Var\u0131\u015f\u0131m\u0131z sonras\u0131 havaliman\u0131nda bekleyen \u00f6zel otob\u00fcs\u00fcm\u00fcz ile Belgrad \u015fehir turuna ba\u015flayaca\u011f\u0131z. Avrupa\u2019 n\u0131n en eski kentlerinden biri olan ve Beyaz \u015eehir olarak an\u0131lan Belgrad \u015fehir turumuzda Sava Nehri&#8217; nin Tuna Nehri ile birle\u015fti\u011fi noktada Fatih Sultan Mehmed&#8217; in u\u011fruna yaraland\u0131\u011f\u0131 ama fethinin Kanuni Sultan S\u00fcleyman&#8217;a nasip oldu\u011fu Osmanl\u0131 donanmas\u0131n\u0131n ikmal merkezlerinden olan Belgrad Kalesi, Kale Meydan, Ta\u015f Meydan, Askeri M\u00fcze, Mora fatihi Damat Ali Pa\u015fa&#8217;n\u0131n t\u00fcrbesi, Bayrakl\u0131 Camii g\u00f6r\u00fclecek yerler aras\u0131ndad\u0131r. \u015eehir turumuz sonras\u0131 ak\u015fam \u00fczerine kadar serbest zaman ve ak\u015fam\u00fczeri otelimize transfer. Odalara yerle\u015fme ve serbest zaman.Ak\u015fam dileyen misafirlerimiz rehberimizin ekstra olarak d\u00fczenleyece\u011fi Yemekli S\u0131rp Gecesi Turuna kat\u0131labilirler. Geceleme Belgrad otelimizde.<\/span><\/p>\n<p><b>Yemekli S\u0131rp Gecesi Turu: 70 Euro yeti\u015fkin \u2013 \u00e7ocuk ayn\u0131 \u00fccrettir.<\/b><\/p>\n<p><\/p>\n<p><b>&nbsp;<\/b><\/p>\n<p><b>2.G\u00dcN<\/b> <b>Belgrad<\/b><b><br><\/b><span style=\"font-weight: 400;\">Sabah kahvalt\u0131s\u0131 sonras\u0131 serbest zaman. Dileyen misafirlerimiz rehberimizin <\/span><b>ekstra<\/b><span style=\"font-weight: 400;\"> olarak d\u00fczenleyece\u011fi <\/span><b>Novi Sad- Sremski Karlov<\/b><span style=\"font-weight: 400;\">turumuza kat\u0131labilirler. Novi Sad\u2019 a gitmek i\u00e7in \u00f6zel arac\u0131m\u0131zla yola \u00e7\u0131k\u0131yoruz. \u0130lk dura\u011f\u0131m\u0131z Sremski Karlovci. Bu g\u00fczel kasabada 1699\u2019da 72 g\u00fcn s\u00fcren g\u00f6r\u00fc\u015fmeler sonras\u0131 Osmanl\u0131 Devleti ile Avusturya-Macaristan-Venedik ve Polonya aras\u0131nda Karlof\u00e7a Bar\u0131\u015f Anla\u015fmas\u0131 imzalanm\u0131\u015ft\u0131r. Ziyaretimizde anla\u015fman\u0131n imzaland\u0131\u011f\u0131 4 kap\u0131l\u0131 mek\u00e2n\u0131 ve buras\u0131 d\u0131\u015f\u0131nda meydan, D\u00f6rt Arslan \u00c7e\u015fmesi, tarihi Ortodoks ve Katolik kiliseleri g\u00f6rece\u011fimiz yerlerdendir. Kahve molas\u0131 sonras\u0131 yolumuza devam ediyoruz ve yol \u00fczerinde Petrovaradin Kalesi&#8217;nde Belgrad Kap\u0131s\u0131, Saatkule, yukar\u0131 \u015fehir, Uzun K\u0131\u015fla, Leopold Kap\u0131s\u0131&#8217;n\u0131 g\u00f6rece\u011fiz. Ard\u0131ndan Novi Sad\u2019a var\u0131yoruz. Voyvodina, S\u0131rbistan&#8217;\u0131n kuzeyindeki multi etnik bir eyalettir. Ekonomik olarak S\u0131rbistan&#8217;\u0131n en geli\u015fmi\u015f b\u00f6lgesidir ve ba\u015fkenti Novi Sad\u2019 t\u0131r. Var\u0131\u015f\u0131m\u0131za takiben turumuza ba\u015fl\u0131yoruz. Burada yapaca\u011f\u0131m\u0131z y\u00fcr\u00fcy\u00fc\u015f turu s\u0131ras\u0131nda \u00d6zg\u00fcrl\u00fck Meydan\u0131, Halk Tiyatrosu, Tuna soka\u011f\u0131 ve sahili, Svetozar Mileti\u00e7 Heykeli, Katolik Katedrali, Ortodoks Aya Yorgi Katedrali, Aya Nikola Kilisesi ve Sinagog panoramik olarak g\u00f6r\u00fclecek yerler aras\u0131ndad\u0131r. Serbest zaman\u0131n ard\u0131ndan turumuzun bitimiyle beraber otelimize transfer. Geceleme otelimizde.<\/span><\/p>\n<p><b>Tam G\u00fcn Novi Sad &amp; Sremski Karlof\u00e7a Turu: 75 Euro yeti\u015fkin \u2013 Cocuk 45 Euro<\/b><\/p>\n<p><\/p>\n<p><b>&nbsp;<\/b><\/p>\n<p><b>3.G\u00dcN<\/b> <b>Belgrad<\/b><\/p>\n<p><\/p>\n<p><span style=\"font-weight: 400;\">Sabah kahvalt\u0131s\u0131 sonras\u0131 t\u00fcm g\u00fcn serbest zaman. Dileyen misafirlerimiz rehberimizin ekstra d\u00fczenleyece\u011fi Tuna Nehri tekne turuna kat\u0131labilirler. Tekneyle ba\u015flad\u0131\u011f\u0131m\u0131z turda, Belgrad&#8217;\u0131 Sava ve Tuna nehirlerinin birle\u015fti\u011fi noktadan g\u00f6rkemli bir manzara e\u015fli\u011finde geziye ba\u015fl\u0131yoruz. Gezi boyunca, Belgrad Kalesi, Kale Meydan, Ortodoks Kilisesi ve \u00e7ok say\u0131da k\u00f6pr\u00fc alt\u0131ndan ge\u00e7erek \u00fcnl\u00fc Belgrad tarihine ait hik\u00e2yelerin anlat\u0131ld\u0131\u011f\u0131 g\u00f6rkemli bir turun devam\u0131nda Ada Ciganlija, B\u00fcy\u00fck Sava\u015f Adas\u0131&#8217; n\u0131n yan\u0131ndan ge\u00e7erek kente ait muhte\u015fem manzaralara tan\u0131k olacaks\u0131n\u0131z.1,5 saatlik tekne turundan sonra serbest zaman. Alternatif olarak dileyen misafirlerimiz rehberimizin ekstra d\u00fczenleyece\u011fi&nbsp; Zemun &amp; Tito Mezar\u0131 &amp; Tesla M\u00fczesi turuna kat\u0131labilirler. Geceleme otelimizde.<\/span><\/p>\n<p><b>Tuna Nehri Tekne Turu: 30 Euro yeti\u015fkin \u2013 \u00c7ocuk 20 Euro<\/b><\/p>\n<p><b>Zemun &amp; Tito Mezar\u0131 &amp; Tesla M\u00fczesi Turu: 70 Euro yeti\u015fkin&nbsp; &#8211; \u00c7ocuk 45 Euro<\/b><\/p>\n<p><\/p>\n<p><b>&nbsp;<\/b><\/p>\n<p><b>4.G\u00dcN<\/b> <b>Belgrad \u2013 \u0130stanbul<\/b><\/p>\n<p><span style=\"font-weight: 400;\">Sabah kahvalt\u0131s\u0131 sonras\u0131 odalar\u0131n bo\u015falt\u0131lmas\u0131 ve rehberimizin belirleyece\u011fi saate kadar serbest zaman. Tam g\u00fcn al\u0131\u015fveri\u015f yapabilir, Belgrad\u2019\u0131n merkezinde keyifli vakit ge\u00e7irebilirsiniz. Ak\u015fam\u00fczeri saat 17:00\u2019de Belgrad Havaliman\u0131\u2019na hareket ediyoruz. Bagaj ve bilet i\u015flemlerinizi ard\u0131ndan T\u00fcrk havayolunun TK1084&nbsp; tarifeli u\u00e7a\u011f\u0131 ile 20:25&#8217;de&nbsp;&nbsp;\u0130stanbul\u2019 a hareket. Yerel saat ile 23:15&#8217;de&nbsp;\u0130stanbul Havaliman\u0131na var\u0131\u015f ve turumuzun sonu.<\/span><\/p>\n<p><b>&nbsp;<\/b><\/p>\n<p><b>OTELLER\u0130M\u0130Z<\/b><\/p>\n<p><b>4* Nobel Palace Hotel (Merkez) vb.<\/b><\/p>\n<p><a href=\"https:\/\/nobelpalace.rs\/\"><b>https:\/\/nobelpalace.rs\/<\/b><\/a><\/p>\n<p><\/p>\n<p><b>&nbsp;<\/b><\/p>\n<p><b>TUR \u00dcCRET\u0130<\/b><b>:<\/b><\/p>\n<p><span style=\"font-weight: 400;\">\u0130ki Ki\u015filik odada Ki\u015fi ba\u015f\u0131<\/span><span style=\"font-weight: 400;\">: 599 Euro<\/span><\/p>\n<p><span style=\"font-weight: 400;\">Tek ki\u015filik oda<\/span><span style=\"font-weight: 400;\">: 719 Euro<\/span><\/p>\n<p><span style=\"font-weight: 400;\">Odada 3. Ki\u015fi (ek yatak):&nbsp;<\/span><span style=\"font-weight: 400;\">599 Euro<\/span><\/p>\n<p><span style=\"font-weight: 400;\">0-2 ya\u015f bebek<\/span><span style=\"font-weight: 400;\">: 200 Euro&nbsp;<\/span><\/p>\n<p><span style=\"font-weight: 400;\">3-11 ya\u015f cocuk<\/span><span style=\"font-weight: 400;\">: 579 Euro<\/span><\/p>\n<p><\/p>\n<p><b>&nbsp;<\/b><\/p>\n<p><b>\u00dccrete Dahil olan Servisler<\/b><\/p>\n<ul>\n<li style=\"font-weight: 400;\" aria-level=\"1\">\uf0d8 T\u00fcrk havayollar\u0131 \u0130stanbul &#8211; Belgrad &#8211; \u0130stanbul gidi\u015f- d\u00f6n\u00fc\u015f ekonomi s\u0131n\u0131f\u0131 u\u00e7ak biletleri<br>\uf0d8 Belirtilen otelde toplam 3 gece 4 g\u00fcn oda kahvalt\u0131 Konaklama (sabah kahvalt\u0131s\u0131 dahil)<br>\uf0d8 Otel \u015eehir vergileri<br>\uf0d8 Havaliman\u0131\/otel\/havaliman\u0131 transferleri<br>\uf0d8 Panoramik Belgrad \u015fehir turu <br>\uf0d8 Belgrad kar\u015f\u0131lamal\u0131 T\u00fcrk\u00e7e Rehberlik hizmetleri<br>\uf0d8 Lokal Rehberlik hizmetleri<br>\uf0d8 Zemun &amp; Tito Mezar\u0131 &amp; Tesla M\u00fczesi Turu<br>\uf0d8 Tam G\u00fcn Novi Sad &amp; Sremski Karlovci Turu: Tur \u00dccretine Dahildir.<\/li>\n<li aria-level=\"1\">&nbsp;<\/li>\n<\/ul>\n<p><b>\u00dccrete Dahil Olmayan Servisler<\/b><\/p>\n<ul>\n<li style=\"font-weight: 400;\" aria-level=\"1\">\uf0d8 Yurt D\u0131\u015f\u0131 \u00c7\u0131k\u0131\u015f Harc\u0131 Bedeli 1250 TL (Sadece Bankaya \u00d6denir)<br>\uf0d8 Programda Belirtilmeyen T\u00fcm Gezi Ve Turlar,<br>\uf0d8 \u015eahsi Harcamalar<br>\uf0d8 Otelde al\u0131nan ekstralar<br>\uf0d8 \u00d6\u011flen ve Ak\u015fam yemekleri<br>\uf0d8 Ekstra geziler<br>\uf0d8 Yemekli S\u0131rp Gecesi: 70 Euro (Yeti\u015fkin &amp; \u00c7ocuk \u2013 ayn\u0131 \u00fccret)<\/li><li style=\"font-weight: 400;\" aria-level=\"1\"><br><\/li>\n<\/ul>\n<p><strong>Ekstra turlar Minimum 20 ki\u015finin kat\u0131l\u0131m\u0131 ile ger\u00e7ekle\u015ftirilecektir.<\/strong><\/p>\n<p><strong>\u00d6NEML\u0130 NOT:(Nikola Tesla M\u00fczesi ve Tito M\u00fczesi giri\u015fleri i\u00e7in 15 Euro turun ilk g\u00fcn\u00fc rehbere nakit olarak \u00f6denecektir.)<\/strong><\/p>\n<p><\/p>\n<p><b><br><\/b><\/p><p><b>U\u00c7AK DETAYLARI<br>30.04.2026 \u2013 IST \u2192 BEG | 07:45 \u2013 08:25 | TK1081<br>03.05.2026 \u2013 BEG \u2192 IST | 16:15 \u2013 19:05 | TK108<br><\/b><\/p><p><b><br><\/b><\/p>\n<p><\/p>\n<p><b>GENEL B\u0130LG\u0130LER<\/b><\/p>\n<ul>\n<li style=\"font-weight: 400;\" aria-level=\"1\"><span style=\"font-weight: 400;\">Rezervasyon esnas\u0131nda misafirlerimizin pasaport no, do\u011fum tarihi ve pasaportun al\u0131n\u0131\u015f\/son kullanma tarihi bilgilerinin al\u0131nmas\u0131 gerekmektedir.<\/span><\/li>\n<li style=\"font-weight: 400;\" aria-level=\"1\"><span style=\"font-weight: 400;\">Tura kat\u0131lan ki\u015filerin seyahat s\u0131ras\u0131nda yanlar\u0131nda Seyahat Sigortalar\u0131n\u0131 bulundurmalar\u0131 gerekmektedir.<\/span><\/li>\n<li style=\"font-weight: 400;\" aria-level=\"1\"><span style=\"font-weight: 400;\">Yurtd\u0131\u015f\u0131 \u00c7\u0131k\u0131\u015f Harc\u0131n\u0131n, seyahat tarihinden \u00f6nce ilgili bankalara \u00f6denmesi ve dekontun seyahat s\u0131ras\u0131nda yan\u0131n\u0131zda bulundurulmas\u0131 tavsiye edilir.<\/span><\/li>\n<li style=\"font-weight: 400;\" aria-level=\"1\"><span style=\"font-weight: 400;\">Acente, kategorisi ayn\u0131 kalmak kayd\u0131yla otel isimlerini de\u011fi\u015ftirme hakk\u0131n\u0131 sakl\u0131 tutar.<\/span><\/li>\n<li style=\"font-weight: 400;\" aria-level=\"1\"><span style=\"font-weight: 400;\">Ekstra turlar\u0131n veya gezilerin g\u00fcnleri; i\u00e7eri\u011fe ba\u011fl\u0131 kalmak kayd\u0131 ile kat\u0131l\u0131mc\u0131 say\u0131s\u0131na (Mimimum 20 ki\u015fi), m\u00fcze ve \u00f6ren yerinin kapal\u0131 olma durumuna, u\u00e7u\u015f saatlerinde olu\u015fabilecek de\u011fi\u015fikliklere g\u00f6re rehber taraf\u0131ndan de\u011fi\u015ftirilebilir.<\/span><\/li>\n<li style=\"font-weight: 400;\" aria-level=\"1\"><span style=\"font-weight: 400;\">Panoramik \u015fehir turu, \u015fehirlerin tan\u0131t\u0131m\u0131 i\u00e7in d\u00fczenlenen 2-3 saat s\u00fcreli turlard\u0131r. Panoramik \u015fehir turlar\u0131; m\u00fcze ve \u00f6ren yerleri giri\u015fleri i\u00e7ermemekte olup \u015fehir hakk\u0131nda genel bilgi vermek ama\u00e7l\u0131d\u0131r. Baz\u0131 turlar kapal\u0131 yollar veya ara\u00e7 giri\u015fine izin verilmeyen noktalarda imk\u00e2nlar d\u00e2hilinde toplu ta\u015f\u0131ma veya yaya olarak yap\u0131labilir.<\/span><\/li>\n<li style=\"font-weight: 400;\" aria-level=\"1\"><span style=\"font-weight: 400;\">Yol \u00fczeri yap\u0131lacak ekstra turlarda; tura kat\u0131lmayacak olan misafirlerimiz, rehber taraf\u0131ndan belirlenen mola yerinde bekleme yapacaklard\u0131r. (Benzin istasyonu, Dinlenme tesisleri, Market Vb.)<\/span><\/li>\n<li style=\"font-weight: 400;\" aria-level=\"1\"><span style=\"font-weight: 400;\">3 ki\u015filik odalar, otellerin m\u00fcsaitli\u011fine g\u00f6re verilmektedir. 3 ki\u015filik odalarda ilave yatak uygulamas\u0131 olup, 3. Yatak standart yataktan k\u00fc\u00e7\u00fckt\u00fcr.<\/span><\/li>\n<li style=\"font-weight: 400;\" aria-level=\"1\"><span style=\"font-weight: 400;\">2 yeti\u015fkin + 1 \u00e7ocuk olan rezervasyonlarda \u00e7ocuk i\u00e7in ayr\u0131 yatak bulunmayabilir. \u00c7ocuk fiyatlar\u0131 ancak \u00e7ocu\u011fun iki yeti\u015fkin yan\u0131nda konaklamas\u0131 durumunda ge\u00e7erlidir.&nbsp; \u00c7ocuk indirimleri 2 yeti\u015fkin yan\u0131nda kalan ya\u015f grubuna uyan,&nbsp; \u201ctek \u00e7ocuk\u201d i\u00e7in ge\u00e7erlidir.<\/span><\/li>\n<li style=\"font-weight: 400;\" aria-level=\"1\"><span style=\"font-weight: 400;\">Gidilen \u00fclkelerdeki otellerde al\u0131nacak kahvalt\u0131lar\u0131n i\u00e7eri\u011fi T\u00fcrk kahvalt\u0131s\u0131ndan farkl\u0131d\u0131r. Grup kahvalt\u0131lar\u0131 genelde continental kahvalt\u0131 (\u00c7ay\/kahve, kuruvasan ve marmelat) olarak ayr\u0131 salonda verilebilir.<\/span><\/li>\n<li style=\"font-weight: 400;\" aria-level=\"1\"><span style=\"font-weight: 400;\">Otellere giri\u015f saatleri uluslar aras\u0131 kurallarca belirlenmi\u015f olup,&nbsp; giri\u015f saat 15:00 &#8211; 16:00 aras\u0131ndad\u0131r. \u00c7\u0131k\u0131\u015f saatleri 10:00 &#8211; 12:00 aras\u0131ndad\u0131r.<\/span><\/li>\n<li style=\"font-weight: 400;\" aria-level=\"1\"><span style=\"font-weight: 400;\">Fuar, kongre, konser, etkinlik,&nbsp; spor turnuvas\u0131 vb. gibi d\u00f6nemlerde oteller, belirtilen lokasyonlardan veya km\u2019 lerden daha fazla mesafede kullan\u0131labilir.<\/span><\/li>\n<li style=\"font-weight: 400;\" aria-level=\"1\"><span style=\"font-weight: 400;\">Promosyon ibaresi olan turlar\u0131m\u0131zda otellerimizin konumu ve verilen i\u00e7eri\u011fi standart paketlerimize g\u00f6re farkl\u0131l\u0131k g\u00f6sterebilir. Promosyon turlar\u0131m\u0131zda misafir taraf\u0131ndan iptal veya de\u011fi\u015fiklik yap\u0131lamaz.<\/span><\/li>\n<li style=\"font-weight: 400;\" aria-level=\"1\"><span style=\"font-weight: 400;\">18 ya\u015f alt\u0131 re\u015fit say\u0131lmayan \u00e7ocuklar\u0131n anne veya babalar\u0131ndan biri veya ikisi ile beraber tura kat\u0131lmad\u0131\u011f\u0131 durumlarda, tura kat\u0131l\u0131m i\u00e7in gerekli olan muvafakatnamelerin seyahat s\u0131ras\u0131nda ki\u015filerin yan\u0131nda bulundurulmas\u0131 zorunludur.<\/span><\/li>\n<li style=\"font-weight: 400;\" aria-level=\"1\"><span style=\"font-weight: 400;\">Turlar ba\u015fka acente turlar\u0131 ile birle\u015ftirilebilir.<\/span><\/li>\n<li style=\"font-weight: 400;\" aria-level=\"1\"><span style=\"font-weight: 400;\">U\u00e7ak saatlerine ba\u011fl\u0131 olarak programda de\u011fi\u015fiklik olabilir.<\/span><\/li>\n<li style=\"font-weight: 400;\" aria-level=\"1\"><span style=\"font-weight: 400;\">Baz\u0131 havayollar\u0131nda yeme-i\u00e7me ve online check-in hizmetleri \u00fccrete tabi olabilir.<\/span><\/li>\n<li style=\"font-weight: 400;\" aria-level=\"1\"><span style=\"font-weight: 400;\">Otob\u00fcsl\u00fc turlar\u0131m\u0131zda, rezervasyon esnas\u0131nda kesinlikle \u201cKoltuk Numaras\u0131\u201d garantisi verilmez. Otob\u00fcsl\u00fc turlar\u0131m\u0131zda kullan\u0131lacak ara\u00e7 tipleri, kat\u0131l\u0131mc\u0131 say\u0131s\u0131na g\u00f6re belirlenmektedir.<\/span><\/li>\n<li style=\"font-weight: 400;\" aria-level=\"1\"><span style=\"font-weight: 400;\">T.C. Ye\u015fil Pasaportu ile seyahat edecek misafirlerimizin pasaport al\u0131n\u0131\u015f tarihi 10 y\u0131ldan eski ise; pasaportlar\u0131n\u0131 yenilemeleri gereklidir.<\/span><\/li>\n<li style=\"font-weight: 400;\" aria-level=\"1\"><span style=\"font-weight: 400;\">Y\u0131rt\u0131k, y\u0131pranm\u0131\u015f, \u0131slanm\u0131\u015f ve\/veya benzeri tahribat(lar)a u\u011fram\u0131\u015f pasaportlar nedeniyle ziyaret edilecek \u00fclke s\u0131n\u0131r kap\u0131s\u0131nda g\u00fcmr\u00fck polisi ile sorun ya\u015fanmamas\u0131 ad\u0131na; an\u0131lan pasaportlar\u0131n yenilenmesi ve T.C. vatanda\u015flar\u0131na vize uygulayan bir \u00fclke ise ilgili vizenin yeni pasaportta olmas\u0131 gerekmektedir. Aksi durumda sorumluluk yolcuya aittir.<\/span><\/li>\n<li style=\"font-weight: 400;\" aria-level=\"1\"><span style=\"font-weight: 400;\">Seyahat biti\u015f tarihi sonras\u0131, pasaport ge\u00e7erlilik s\u00fcreleri \u00fclkelere g\u00f6re minimum 6 ay ile 1 y\u0131l aral\u0131\u011f\u0131nda de\u011fi\u015fkenlik g\u00f6stermektedir. \u00dclkelerin talepleri olan pasaport ge\u00e7erlilik s\u00fcresi bilgilerine&nbsp;<\/span><a href=\"http:\/\/www.mfa.gov.tr\/resmi.tr.mfa\"><span style=\"font-weight: 400;\">buraya<\/span><\/a><span style=\"font-weight: 400;\">&nbsp;t\u0131klayarak ula\u015fabilirsiniz.&nbsp;&nbsp;Aksi durumda misafirlerimiz \u00fclke pasaport polisleri taraf\u0131ndan \u00fclkeye al\u0131nmama durumu ile kar\u015f\u0131la\u015fabilir.<\/span><\/li>\n<li style=\"font-weight: 400;\" aria-level=\"1\"><span style=\"font-weight: 400;\">Schengen b\u00f6lgesine seyahat edecek herhangi bir pasaport tipine sahip misafirlerin e\u011fer pasaportlar\u0131n\u0131n al\u0131n\u0131\u015f tarihi 10 y\u0131ldan eski ise; pasaportlar\u0131n\u0131 yenilemeleri talep edilebilir. Aksi halde gidecekleri \u00fclkeye kabul edilmeyebilirler ve\/veya T\u00fcrkiye&#8217;den havayolu firmas\u0131 taraf\u0131ndan u\u00e7u\u015flar\u0131 ger\u00e7ekle\u015ftirilmeyebilir. B\u00f6yle bir durumda sorumluluk yolcuya aittir.<\/span><\/li>\n<li style=\"font-weight: 400;\" aria-level=\"1\"><span style=\"font-weight: 400;\">Schengen Vizesi istenen destinasyonlara yap\u0131lan gezilere kat\u0131lacak T.C. Vatanda\u015f\u0131 misafirlerin mutlaka vize ge\u00e7erlili\u011fini, \u00e7ok giri\u015fli olup olmad\u0131\u011f\u0131n\u0131, kullan\u0131m s\u00fcresinin biti\u015fini kontrol etmesi gerekmektedir.<\/span><\/li>\n<li style=\"font-weight: 400;\" aria-level=\"1\"><span style=\"font-weight: 400;\">T.C. vatanda\u015f\u0131 olsa dahi, yurt d\u0131\u015f\u0131 gezisine farkl\u0131 bir \u00fclkeden sahip oldu\u011fu pasaport ile \u00e7\u0131kacak misafirlerimizin, seyahat edece\u011fi \u00fclke(ler)de vize uygulamas\u0131 olup olmad\u0131\u011f\u0131 hakk\u0131nda, ilgili konsoloslu\u011fa ba\u015fvurarak bilgi almas\u0131 gerekmektedir.<\/span><\/li>\n<li style=\"font-weight: 400;\" aria-level=\"1\"><span style=\"font-weight: 400;\">Turun iptali durumunda vize \u00fccreti iade edilmez. Vize al\u0131nm\u0131\u015f olmas\u0131, \u00fclkeye giri\u015f yap\u0131labilece\u011fi anlam\u0131na gelmez, pasaport polisinin \u00fclkeye sokmama yetkisi vard\u0131r. Bu durumdan Tatilsepeti.com sorumlu de\u011fildir, sorumluluk misafire (yolcuya) aittir.<\/span><\/li>\n<li style=\"font-weight: 400;\" aria-level=\"1\"><span style=\"font-weight: 400;\">Yeterli say\u0131 sa\u011flanamad\u0131\u011f\u0131 takdirde geziler yap\u0131lamamakta veya ekstra gezi fiyatlar\u0131, i\u00e7erik, kullan\u0131lacak ara\u00e7 ve kat\u0131l\u0131mc\u0131 say\u0131s\u0131na g\u00f6re de\u011fi\u015fiklik g\u00f6stermektedir.<\/span><\/li>\n<\/ul>\n<p><b>Not: Acente havayolu ile yolcu aras\u0131nda arac\u0131 konumunda olup, 28.09.1955 Lahey Protokol\u00fcne t\u00e2bidir. U\u00e7u\u015f \u00f6ncesinde saatler de\u011fi\u015febilir ve t\u00fcm saatlerin hareket tarihlerinden 48 saat \u00f6nce teyid edilmesi gerekmektedir. Yurtd\u0131\u015f\u0131 gezilerinde en az 6 ay ge\u00e7erli pasaport olmas\u0131 mecbur\u00eedir. Paket tura kat\u0131lacak say\u0131n\u0131n yeterli olmamas\u0131 durumunda 20 g\u00fcn \u00f6ncesinden tur iptali t\u00fcketiciye bildirilir. U\u00e7a\u011f\u0131n inece\u011fi \u015fehre g\u00f6re parkurlarda de\u011fi\u015fiklikler olabilir.<\/b><\/p>\t\t\t\t\t\t\t\t<\/div>\n\t\t\t\t<\/div>\n\t\t\t\t\t<\/div>\n\t\t\t\t<\/div>\n\t\t\t\t<\/div>\n\t\t","protected":false},"excerpt":{"rendered":"<p>1.G\u00dcN \u0130stanbul (IST)- Belgrad \u0130stanbul Yeni Havaliman\u0131 D\u0131\u015f Hatlar gidi\u015f terminalinde siz de\u011ferli konuklar\u0131m\u0131zla u\u00e7u\u015ftan minimum 3 saat \u00f6nce bulu\u015fma. Bilet, bagaj ve pasaport i\u015flemlerini takiben, T\u00fcrk havayollar\u0131n\u0131n\u00a0\u00a0TK1081\u00a0 tarifeli u\u00e7a\u011f\u0131 ile 07:45&#8217;de\u00a0Belgrad\u2019 a hareket. Yerel saat ile 08:30&#8217;da\u00a0var\u0131\u015f. Var\u0131\u015f\u0131m\u0131z sonras\u0131 havaliman\u0131nda bekleyen \u00f6zel otob\u00fcs\u00fcm\u00fcz ile Belgrad \u015fehir turuna ba\u015flayaca\u011f\u0131z. Avrupa\u2019 n\u0131n en eski kentlerinden biri [&hellip;]<\/p>\n","protected":false},"author":1,"featured_media":4083,"parent":0,"menu_order":0,"comment_status":"closed","ping_status":"closed","template":"","meta":{"footnotes":""},"class_list":["post-4097","page","type-page","status-publish","has-post-thumbnail","hentry"],"acf":[],"_links":{"self":[{"href":"https:\/\/izzydmc.com\/index.php?rest_route=\/wp\/v2\/pages\/4097"}],"collection":[{"href":"https:\/\/izzydmc.com\/index.php?rest_route=\/wp\/v2\/pages"}],"about":[{"href":"https:\/\/izzydmc.com\/index.php?rest_route=\/wp\/v2\/types\/page"}],"author":[{"embeddable":true,"href":"https:\/\/izzydmc.com\/index.php?rest_route=\/wp\/v2\/users\/1"}],"replies":[{"embeddable":true,"href":"https:\/\/izzydmc.com\/index.php?rest_route=%2Fwp%2Fv2%2Fcomments&post=4097"}],"version-history":[{"count":14,"href":"https:\/\/izzydmc.com\/index.php?rest_route=\/wp\/v2\/pages\/4097\/revisions"}],"predecessor-version":[{"id":4398,"href":"https:\/\/izzydmc.com\/index.php?rest_route=\/wp\/v2\/pages\/4097\/revisions\/4398"}],"wp:featuredmedia":[{"embeddable":true,"href":"https:\/\/izzydmc.com\/index.php?rest_route=\/wp\/v2\/media\/4083"}],"wp:attachment":[{"href":"https:\/\/izzydmc.com\/index.php?rest_route=%2Fwp%2Fv2%2Fmedia&parent=4097"}],"curies":[{"name":"wp","href":"https:\/\/api.w.org\/{rel}","templated":true}]}}