{"id":4103,"date":"2025-08-25T12:49:14","date_gmt":"2025-08-25T12:49:14","guid":{"rendered":"https:\/\/izzydmc.com\/?page_id=4103"},"modified":"2025-08-25T12:53:12","modified_gmt":"2025-08-25T12:53:12","slug":"budva-saraybosna-turu-thy-26-31-mayis-2026-kurban-bayrami","status":"publish","type":"page","link":"https:\/\/izzydmc.com\/?page_id=4103","title":{"rendered":"Budva-Saraybosna Turu THY 26-31 May\u0131s 2026 &#8211; KURBAN BAYRAMI"},"content":{"rendered":"\t\t<div data-elementor-type=\"wp-page\" data-elementor-id=\"4103\" class=\"elementor elementor-4103\">\n\t\t\t\t<div class=\"elementor-element elementor-element-e25fb10 e-flex e-con-boxed e-con e-parent\" data-id=\"e25fb10\" data-element_type=\"container\" data-e-type=\"container\">\n\t\t\t\t\t<div class=\"e-con-inner\">\n\t\t\t\t<div class=\"elementor-element elementor-element-e083730 elementor-widget elementor-widget-text-editor\" data-id=\"e083730\" data-element_type=\"widget\" data-e-type=\"widget\" data-widget_type=\"text-editor.default\">\n\t\t\t\t<div class=\"elementor-widget-container\">\n\t\t\t\t\t\t\t\t\t<p><b>1.G\u00dcN \u0130stanbul \u2013 Tivat \u2013 Budva<br><\/b>\u0130stanbul Havaliman\u0131 D\u0131\u015f Hatlar Gidi\u015f Terminalinde 05:00\u2019de bulu\u015fma. Bilet, pasaport ve bagaj i\u015flemlerinin ard\u0131ndan<br>T\u00fcrk Havayollar\u0131n\u0131n TK1095 sefer say\u0131l\u0131 u\u00e7u\u015fu ile saat 07:25\u2019de Tivat\u2019a hareket. Yerel saat ile 08:15\u2019de var\u0131\u015f\u0131m\u0131z\u0131n<br>ard\u0131ndan alanda bekleyen otob\u00fcs\u00fcm\u00fcz ile Budva\u2019ya transfer ve var\u0131\u015f\u0131m\u0131z sonras\u0131nda panoramik Budva \u015fehir turuna<br>ba\u015fl\u0131yoruz. 2500 y\u0131ll\u0131k ge\u00e7mi\u015fi ile Adriyatik\u2019in en eski yerle\u015fim yerlerinden birisi olan Budva ayn\u0131 zamanda \u00e7ok g\u00f6zde<br>bir tatil merkezi olarak bilinmektedir. Eski \u015fehrin surlar\u0131 i\u00e7inde ve Kalenin etraf\u0131ndan keyifli bir gezinin ard\u0131ndan kahve<br>molas\u0131 i\u00e7in serbest zaman. Ak\u015fam\u00fczeri saat 17:00 gibi otelimize hareket ve odalara yerle\u015fme. Dinlenme imkan\u0131.<br>Ak\u015fam yeme\u011fi ve Konaklama otelimizde.<br><br><\/p><p><b>2.G\u00dcN Budva (Kotor- Perast-Porto Montenegro)<br><\/b>Sabah otelimizde alaca\u011f\u0131m\u0131z kahvalt\u0131n\u0131n ard\u0131ndan tam g\u00fcn serbest zaman. Arzu edenler ile ekstra tam g\u00fcn s\u00fcrecek<br>olan Kotor K\u00f6rfezi turumuza kat\u0131lma imkan\u0131.(75Euro) Montenegro\u2019nun tarihi ve do\u011fal g\u00fczelliklerini<br>ke\u015ffedebilece\u011fimiz bu turumuzda, ilk dura\u011f\u0131m\u0131z dura\u011f\u0131 Perast olacak. Bu \u015firin deniz kenar\u0131 Karada\u011f kasabas\u0131na hayran<br>kalacaks\u0131n\u0131z. Burada kahvelerinizi yudumlad\u0131ktan sonraki dura\u011f\u0131m\u0131z UNESCO taraf\u0131ndan D\u00fcnya K\u00fclt\u00fcr Miras\u0131 Listesi&amp;#39;ne<br>al\u0131nan ve do\u011fal bir liman olan Kotor \u015fehrini gezece\u011fiz. Kotor&amp;#39;da kale i\u00e7inde yap\u0131lacak rehber e\u015fli\u011findeki gezinin ve<br>sunulacak serbest zaman\u0131n ard\u0131ndan Porto Montenegro liman\u0131na do\u011fru yola \u00e7\u0131k\u0131yoruz. Burada yap\u0131lacak olan k\u0131sa<br>y\u00fcr\u00fcy\u00fc\u015f\u00fcm\u00fcz ard\u0131ndan marina\u2019da verece\u011fimiz serbest kahve molas\u0131 sonras\u0131nda Budva\u2019da bulunan otelimize d\u00f6n\u00fc\u015f ve<br>dinlenme imkan\u0131. Ak\u015fam yeme\u011fi ve Konaklama otelimizde.<br><br><\/p><p><b>3.G\u00dcN Budva (Sveti Stefan &#8211; Virpazar \u2013 Skadar g\u00f6l\u00fc \u2013Bar)<br><\/b>Sabah otelimizde alaca\u011f\u0131m\u0131z kahvalt\u0131n\u0131n ard\u0131ndan tam g\u00fcn serbest zaman. Arzu edenler ile ekstra d\u00fczenlenecek olan<br>Sveti Stefan, Bar, Virpazar, Skardar g\u00f6l\u00fc turumuz i\u00e7in otelimizde hareket ediyoruz.(75 Euro) G\u00fcn\u00fcm\u00fcze ola\u011fan\u00fcst\u00fc<br>manzaras\u0131yla Sveti Stefan ile ba\u015fl\u0131yoruz. Uzun y\u0131llar \u00f6nce bal\u0131k\u00e7\u0131lar\u0131n yerle\u015fim alan\u0131 olan bir adan\u0131n kamula\u015ft\u0131r\u0131lmas\u0131 ve<br>sonras\u0131nda Singapurlu bir otel zincirine sat\u0131lmas\u0131 ile g\u00fcn\u00fcm\u00fczde restorasyon \u00e7al\u0131\u015fmalar\u0131yla turizme kazand\u0131r\u0131lan<br>muhte\u015fem Sveti Stefan\u2019\u0131 panoramik olarak tepeden g\u00f6rebilece\u011finiz bir yerde foto\u011fraf molas\u0131 veriyoruz. Daha sonra<br>Adriyatik denizi k\u0131y\u0131s\u0131ndaki tarihi ve turistik \u015fehir Bar\u2019a do\u011fru yola \u00e7\u0131k\u0131yoruz. Karada\u011f\u2019\u0131n ana liman\u0131 olan \u015fehirde biz<br>da\u011fl\u0131k k\u0131sm\u0131 olan Stari Bar\u2019\u0131 geziyor ve&nbsp; burada d\u0131\u015far\u0131dan tarihi Bar kalesini ve Osmanl\u0131\u2019dan kalan tarihi camiyi<br>g\u00f6r\u00fcyoruz. K\u00fc\u00e7\u00fck ve \u015firin \u00e7ar\u015f\u0131s\u0131n\u0131 ziyaret ettikten sonra Virpazar\u2019a do\u011fru yolumuza devam ediyoruz. Virpazar\u2019da<br>verece\u011fimiz bir saatlik serbest zamanda k\u00fc\u00e7\u00fck teknelerle \u0130\u015fkodra G\u00f6l\u00fcnde tekne gezisi yapabilirsiniz. (tekne gezisi<br>yapmak isteyen misafirlerimiz ilave olarak ki\u015fi ba\u015f\u0131 20 Euro Milli Park giri\u015f \u00fccreti ve tekne \u00fccreti \u00f6deyeceklerdir). Flora<br>ve fauna benzersizli\u011fi, k\u00fclt\u00fcrel ve tarihi miras\u0131 ile d\u00fcnya \u00e7ap\u0131nda tan\u0131nan Balkan Yar\u0131madas\u0131&amp;#39;n\u0131n en b\u00fcy\u00fck g\u00f6l\u00fcn\u00fc<br>g\u00f6rme imkan\u0131 bulacaks\u0131n\u0131z. Skadar G\u00f6l\u00fc Milli Park\u0131, \u015f\u00fcphesiz en g\u00fczel milli parklardan ve Karada\u011f&amp;#39;\u0131n markalar\u0131ndan<br>biridir. G\u00f6l\u00fcn Karada\u011f k\u0131sm\u0131 1983 y\u0131l\u0131nda milli park ilan edilmi\u015ftir. 391 km2&amp;#39;lik b\u00fcy\u00fckl\u00fc\u011f\u00fc onu Balkan Yar\u0131madas\u0131&amp;#39;n\u0131n<br>en b\u00fcy\u00fck g\u00f6l\u00fc yapmaktad\u0131r. Turumuz sonras\u0131 Budva\u2019ya geri d\u00f6n\u00fcyor ve bizi bekleyen arac\u0131m\u0131z ile otelimize transfer<br>oluyoruz. Ak\u015fam yeme\u011fi ve Geceleme otelimizde.<\/p>\n<p><br><\/p><p><b>4. G\u00dcN Budva \u2013 Mostar \u2013 Saraybosna<br><\/b>Sabah erken alaca\u011f\u0131m\u0131z kahvalt\u0131 sonras\u0131 Saraybosna\u2019ya do\u011fru yola \u00e7\u0131k\u0131yoruz. Yol \u00fczerinde ilk dura\u011f\u0131m\u0131z Mostar<\/p>\n<p>olacakt\u0131r. Eski \u015fehrin kaybolmayan ve y\u0131pranmayan eserlerinden tarihi K\u00f6\u015fki Mehmet Bey Camisinden tarihi Mostar<br>K\u00f6pr\u00fcs\u00fc\u2019n\u00fc seyrettikten sonra k\u00f6pr\u00fcy\u00fc ziyaret ediyoruz. Kanuni\u2019nin son seferi olan Zigetvar seferine \u00e7\u0131karken<br>Osmanl\u0131 ordusunu buradan ge\u00e7irmesi i\u00e7in in\u015fa edilmi\u015f bu k\u00f6pr\u00fc 1993 y\u0131l\u0131nda sava\u015f esnas\u0131nda H\u0131rvatlar taraf\u0131ndan<br>y\u0131k\u0131l\u0131yor daha sonra bir T\u00fcrk firmas\u0131 taraf\u0131ndan asl\u0131na uygun olarak tekrar restore edilmi\u015ftir. K\u00fc\u00e7\u00fck Mostar k\u00f6pr\u00fcs\u00fcn\u00fc<br>ziyaret ve \u00e7ar\u015f\u0131da gezintinin ard\u0131ndan Saraybosna\u2019ya do\u011fru yolumuza devam ediyoruz. Saraybosna\u2019ya var\u0131\u015f\u0131m\u0131zda<br>\u015fehrin simge yap\u0131lar\u0131ndan olan merkez k\u00fct\u00fcphane binas\u0131n\u0131n \u00f6n\u00fcnde otob\u00fcs\u00fcm\u00fczden inip y\u00fcr\u00fcyerek yapaca\u011f\u0131m\u0131z<br>\u015fehir turuna ba\u015fl\u0131yoruz. Merkez k\u00fct\u00fcphane, hik\u00e2yesini dinledi\u011finizde \u00e7ok \u015fa\u015f\u0131raca\u011f\u0131n\u0131z Inat Kuca, Osmanl\u0131 d\u00f6neminde<br>in\u015fa edilmi\u015f Latin K\u00f6pr\u00fcs\u00fc ve 1.D\u00fcnya Sava\u015f\u0131&amp;#39;n\u0131n \u00e7\u0131kmas\u0131na neden olan Avusturya-Macaristan ar\u015fid\u00fck\u00fc Franz<br>Ferdinand ve e\u015finin vurulmas\u0131 olay\u0131n\u0131n ya\u015fand\u0131\u011f\u0131 noktay\u0131 g\u00f6rd\u00fckten sonra \u015fehrin kalbi Ba\u015f\u00e7ar\u015f\u0131&amp;#39;ya do\u011fru devam<br>ediyoruz. Osmanl\u0131 \u0130mparatorlu\u011fu&amp;#39;nda bir gelenek olan sebili ve ad\u0131n\u0131 bu eserden alan Sebil Meydan\u0131 ile devam eden<br>turumuz, tarihi yap\u0131s\u0131n\u0131 halen korumu\u015f Ba\u015f\u00e7ar\u015f\u0131 sokaklar\u0131nda devam edecek. Kur\u015funlu Medresesi, Morica Han, Gazi<br>H\u00fcsrev Bey Camisi ve Saat Kulesi g\u00f6rece\u011fimiz di\u011fer eserler. \u015eehrin en pop\u00fcler caddesi Ferhadija&amp;#39;da Avusturya-<br>Macaristan \u0130mparatorlu\u011fu d\u00f6nem mimarisini yans\u0131tan binalar, Katolik Katedrali, Markale Pazar\u0131, kapal\u0131 pazar yeri ile<br>devam edecek turumuz 2.D\u00fcnya sava\u015f\u0131 kurbanlar\u0131 an\u0131s\u0131na yap\u0131lan S\u00f6nmeyen Ate\u015f An\u0131t\u0131&amp;#39;nda sona erecek. Turumuzun<br>bitiminde otelimize transfer ve odalara yerle\u015fme. Geceleme otelimizde.<br><br><\/p><p><b>5. G\u00dcN Saraybosna (Travnik)<br><\/b>Sabah otelimizde alaca\u011f\u0131m\u0131z kahvalt\u0131n\u0131n ard\u0131ndan&nbsp;dileyen misafirlerimiz ekstra olarak d\u00fczenlenecek olan \u00f6\u011fle yemekli<br>Travnik turuna kat\u0131labilirler. Travnik Turu (Ki\u015fi Ba\u015f\u0131 75 Euro)&nbsp;Osmanl\u0131 \u0130mparatorlu\u011fu d\u00f6neminde saraya en \u00e7ok vezir<br>verdi\u011fi i\u00e7in \u2018\u2019Vezirler \u015eehri\u2019\u2019 olarak adland\u0131r\u0131lan Travnik bug\u00fcn de Osmanl\u0131 dokusunu korumay\u0131 ba\u015farm\u0131\u015f bir \u015fehirdir.<br>Osmanl\u0131 d\u00f6neminde kurulan ve bug\u00fcn hala faaliyette olan el\u00e7i \u0130brahim Pa\u015fa Medresesini g\u00f6rerek ba\u015flayaca\u011f\u0131m\u0131z<br>turumuzda; 400 y\u0131ld\u0131r faaliyette olan Lutfina Kahva, Fatih Sultan Mehmet\u2019in abdest ald\u0131\u011f\u0131 su kayna\u011f\u0131 Plava Voda,<br>Balkanlarda ki iki Alaca Camii\u2019den biri olan S\u00fcleyman Pa\u015fa Camii, \u015fehre hakim bir tepede kurulan ve yak\u0131n d\u00f6nemde ki<br>i\u00e7 sava\u015fta da \u00f6nemli bir stratejik nokta olan tarihi Travnik Kalesi g\u00f6rece\u011fimiz di\u011fer yerler aras\u0131ndad\u0131r. \u00d6\u011fle yeme\u011fimizi<br>yerel bir restoranda ald\u0131ktan sonra serbest zaman. Rehberimizin belirleyece\u011fi saatte bulu\u015fma ve Saraybosna\u2019ya<br>otelimize transfer. Ak\u015fam&nbsp;dileyen misafirlerimiz ekstra olarak d\u00fczenlenecek olan Bo\u015fnak Gecesi turuna kat\u0131labilirler.<br>Bo\u015fnak Gecesi (Ki\u015fi Ba\u015f\u0131 60 Euro)&nbsp;Saraybosna&amp;#39;n\u0131n yerel restoran\u0131n da Bo\u015fnak yemekleri ve yerel m\u00fczikler e\u015fli\u011finde<br>alaca\u011f\u0131m\u0131z ak\u015fam yeme\u011fimiz ile keyifli bir gece ya\u015fayaca\u011f\u0131z. Gecenin sonunda otelimize hareket. Geceleme<br>otelimizde.<br><br><\/p><p><b>6.G\u00dcN Saraybosna (Umut T\u00fcneli \u2013 Vrelo Bosna) \u2013 \u0130stanbul<br><\/b>Sabah uyand\u0131rma, odalar\u0131n bo\u015falt\u0131lmas\u0131 ve kahvalt\u0131n\u0131n ard\u0131ndan transfer saatine kadar serbest zaman.&nbsp;Dileyen<br>misafirlerimiz ekstra olarak d\u00fczenlenecek olan Sava\u015f (Umut) T\u00fcneli ve Vrelo Bosna Milli park\u0131 turuna kat\u0131labilirler.<br>Sava\u015f (Umut) T\u00fcneli &amp;amp; Vrelo Bosna Milli Park\u0131 Turu (Ki\u015fi Ba\u015f\u0131 45 Euro)<br>Sava\u015f (Umut) t\u00fcneli; Yak\u0131n zamanda ger\u00e7ekle\u015fen i\u00e7 sava\u015fta uzun bir s\u00fcre ku\u015fatma alt\u0131nda kalan Saraybosna\u2019n\u0131n d\u0131\u015f<br>d\u00fcnya ile ileti\u015fimini, \u015fehrin her t\u00fcrl\u00fc ihtiyac\u0131n\u0131n giderilmesini sa\u011flayan ve ku\u015fatman\u0131n sona erdirilmesinde b\u00fcy\u00fck rol<br>oynayan t\u00fcneldir. T\u00fcnelin \u00e7\u0131k\u0131\u015f noktas\u0131nda yer alan ve bug\u00fcn m\u00fcze olarak hizmet veren bu noktada; t\u00fcnelin ziyarete<br>a\u00e7\u0131k olan k\u0131sm\u0131n\u0131 deneyimleyebilece\u011fimiz, burada bulunan ve o d\u00f6nemde kullan\u0131lan e\u015fyalar\u0131n sergilendi\u011fi m\u00fczeyi<br>g\u00f6r\u00fcp, izleyece\u011fimiz belgesel ile o d\u00f6nem ya\u015fananlara \u015fahit olaca\u011f\u0131z. Daha sonras\u0131nda Igman Da\u011f\u0131\u2019n\u0131n eteklerinde yer<br>alan Vrelo Bosna Milli Park\u0131na gidiyoruz. Bosna nehrinin kayna\u011f\u0131n\u0131 olu\u015fturan Vrelo Bosna, ye\u015filin her tonunu<br>bar\u0131nd\u0131ran, i\u00e7inde dereler, \u015felaleler, g\u00f6letlerin yer ald\u0131\u011f\u0131 do\u011fa harikas\u0131 bir milli parkt\u0131r. Bu gezilerimiz sonras\u0131nda<br>Saraybosna merkezde serbest zaman ve rehberimizin belirleyece\u011fi saatte bulu\u015fma ve Saraybosna havaliman\u0131na<br>transfer. Check-in i\u015flemlerin ard\u0131ndan saat 20.40\u2019da T\u00fcrk Havayollar\u0131n\u0131n Tk 1026 sefer say\u0131l\u0131 ile \u0130stanbul\u2019a u\u00e7uyoruz.<br>23:40\u2019da var\u0131\u015f\u0131m\u0131z sonras\u0131nda, turumuzun sonu.<br><br><\/p><p><b>OTELLER\u0130M\u0130Z<br><\/b>BUDVA 4* Hotel Tara &#8211; HB (Yar\u0131m pansiyon) vb. 3 gece<br>SARAYBOSNA 4* Hotel Hollywood &#8211; BB (Oda kahvalt\u0131) vb. 2 gece<\/p>\n<p><br><\/p><p><b>TUR \u00dcCRET\u0130 :<br><\/b>\u0130ki Ki\u015filik odada Ki\u015fi ba\u015f\u0131 :789 Euro<br>Tek ki\u015filik oda :989 Euro<br>Odada 3. Ki\u015fi (ek yatak) :789 Euro<br>0-2 ya\u015f bebek :200 Euro<br>3-11 ya\u015f cocuk :759 Euro<br><br><\/p><p><b>\u00dccrete Dahil olan Servisler<br><\/b>\u2b9a T\u00fcrk havayollar\u0131 \u0130stanbul &#8211; Tivat gidi\u015f, Saraybosna- \u0130stanbul d\u00f6n\u00fc\u015f ekonomi s\u0131n\u0131f\u0131 u\u00e7ak biletleri<br>\u2b9a Belirtilen otellerde toplam 5 gece 6 g\u00fcn oda kahvalt\u0131 Konaklama (sabah kahvalt\u0131s\u0131 dahil)<br>\u2b9a Budva Otelde 3 ak\u015fam yeme\u011fi (icecekler hari\u00e7)<br>\u2b9a Otel \u015eehir vergileri<br>\u2b9a Havaliman\u0131\/otel\/havaliman\u0131 transferleri<br>\u2b9a Panoramik Budva, Mostar ve Saraybosna \u015fehir turlar\u0131<br>\u2b9a T\u00fcrk\u00e7e Rehberlik hizmetleri<br>\u2b9a Lokal Rehberlik hizmetleri<br><br><\/p><p><b>\u00dccrete Dahil Olmayan Servisler<br><\/b>\u2b9a Yurt D\u0131\u015f\u0131 \u00c7\u0131k\u0131\u015f Harc\u0131 Bedeli 710 TL<br>\u2b9a Programda Belirtilmeyen T\u00fcm Gezi Ve Turlar,<br>\u2b9a \u015eahsi Harcamalar<br>\u2b9a Otelde al\u0131nan ekstralar<br>\u2b9a \u00d6\u011flen ve Ak\u015fam yemekleri<br>\u2b9a Ekstra geziler<\/p>\n<p>Ekstra turlar Minimum 20 ki\u015finin kat\u0131l\u0131m\u0131 ile ger\u00e7ekle\u015ftirilecektir.<\/p>\n<p><br><\/p><p><b>GENEL B\u0130LG\u0130LER<br><\/b>\u25cf Rezervasyon esnas\u0131nda misafirlerimizin pasaport no, do\u011fum tarihi ve pasaportun al\u0131n\u0131\u015f\/son kullanma tarihi<br>bilgilerinin al\u0131nmas\u0131 gerekmektedir.<\/p>\n<p>\u25cf Tura kat\u0131lan ki\u015filerin seyahat s\u0131ras\u0131nda yanlar\u0131nda Seyahat Sigortalar\u0131n\u0131 bulundurmalar\u0131 gerekmektedir.<br>\u25cf Yurtd\u0131\u015f\u0131 \u00c7\u0131k\u0131\u015f Harc\u0131n\u0131n, seyahat tarihinden \u00f6nce ilgili bankalara \u00f6denmesi ve dekontun seyahat s\u0131ras\u0131nda<br>yan\u0131n\u0131zda bulundurulmas\u0131 tavsiye edilir.<br>\u25cf Acente, kategorisi ayn\u0131 kalmak kayd\u0131yla otel isimlerini de\u011fi\u015ftirme hakk\u0131n\u0131 sakl\u0131 tutar.<br>\u25cf Ekstra turlar\u0131n veya gezilerin g\u00fcnleri; i\u00e7eri\u011fe ba\u011fl\u0131 kalmak kayd\u0131 ile kat\u0131l\u0131mc\u0131 say\u0131s\u0131na (Mimimum 20 ki\u015fi), m\u00fcze<br>ve \u00f6ren yerinin kapal\u0131 olma durumuna, u\u00e7u\u015f saatlerinde olu\u015fabilecek de\u011fi\u015fikliklere g\u00f6re rehber taraf\u0131ndan<br>de\u011fi\u015ftirilebilir.<br>\u25cf Panoramik \u015fehir turu, \u015fehirlerin tan\u0131t\u0131m\u0131 i\u00e7in d\u00fczenlenen 2-3 saat s\u00fcreli turlard\u0131r. Panoramik \u015fehir turlar\u0131;<br>m\u00fcze ve \u00f6ren yerleri giri\u015fleri i\u00e7ermemekte olup \u015fehir hakk\u0131nda genel bilgi vermek ama\u00e7l\u0131d\u0131r. Baz\u0131 turlar kapal\u0131 yollar<br>veya ara\u00e7 giri\u015fine izin verilmeyen noktalarda imk\u00e2nlar d\u00e2hilinde toplu ta\u015f\u0131ma veya yaya olarak yap\u0131labilir.<br>\u25cf Yol \u00fczeri yap\u0131lacak ekstra turlarda; tura kat\u0131lmayacak olan misafirlerimiz, rehber taraf\u0131ndan belirlenen mola<br>yerinde bekleme yapacaklard\u0131r. (Benzin istasyonu, Dinlenme tesisleri, Market Vb.)<br>\u25cf 3 ki\u015filik odalar, otellerin m\u00fcsaitli\u011fine g\u00f6re verilmektedir. 3 ki\u015filik odalarda ilave yatak uygulamas\u0131 olup, 3.<br>Yatak standart yataktan k\u00fc\u00e7\u00fckt\u00fcr.<br>\u25cf 2 yeti\u015fkin + 1 \u00e7ocuk olan rezervasyonlarda \u00e7ocuk i\u00e7in ayr\u0131 yatak bulunmayabilir. \u00c7ocuk fiyatlar\u0131 ancak \u00e7ocu\u011fun<br>iki yeti\u015fkin yan\u0131nda konaklamas\u0131 durumunda ge\u00e7erlidir.&nbsp; \u00c7ocuk indirimleri 2 yeti\u015fkin yan\u0131nda kalan ya\u015f grubuna uyan,&nbsp;<br>\u201ctek \u00e7ocuk\u201d i\u00e7in ge\u00e7erlidir.<br>\u25cf Gidilen \u00fclkelerdeki otellerde al\u0131nacak kahvalt\u0131lar\u0131n i\u00e7eri\u011fi T\u00fcrk kahvalt\u0131s\u0131ndan farkl\u0131d\u0131r. Grup kahvalt\u0131lar\u0131<br>genelde continental kahvalt\u0131 (\u00c7ay\/kahve, kuruvasan ve marmelat) olarak ayr\u0131 salonda verilebilir.<br>\u25cf Otellere giri\u015f saatleri uluslar aras\u0131 kurallarca belirlenmi\u015f olup,&nbsp; giri\u015f saat 15:00 &#8211; 16:00 aras\u0131ndad\u0131r. \u00c7\u0131k\u0131\u015f<br>saatleri 10:00 &#8211; 12:00 aras\u0131ndad\u0131r.<br>\u25cf Fuar, kongre, konser, etkinlik,&nbsp; spor turnuvas\u0131 vb. gibi d\u00f6nemlerde oteller, belirtilen lokasyonlardan veya km\u2019<br>lerden daha fazla mesafede kullan\u0131labilir.<br>\u25cf Promosyon ibaresi olan turlar\u0131m\u0131zda otellerimizin konumu ve verilen i\u00e7eri\u011fi standart paketlerimize g\u00f6re<br>farkl\u0131l\u0131k g\u00f6sterebilir. Promosyon turlar\u0131m\u0131zda misafir taraf\u0131ndan iptal veya de\u011fi\u015fiklik yap\u0131lamaz.<br>\u25cf 18 ya\u015f alt\u0131 re\u015fit say\u0131lmayan \u00e7ocuklar\u0131n anne veya babalar\u0131ndan biri veya ikisi ile beraber tura kat\u0131lmad\u0131\u011f\u0131<br>durumlarda, tura kat\u0131l\u0131m i\u00e7in gerekli olan muvafakatnamelerin seyahat s\u0131ras\u0131nda ki\u015filerin yan\u0131nda bulundurulmas\u0131<br>zorunludur.<br>\u25cf Turlar ba\u015fka acente turlar\u0131 ile birle\u015ftirilebilir.<br>\u25cf U\u00e7ak saatlerine ba\u011fl\u0131 olarak programda de\u011fi\u015fiklik olabilir.<br>\u25cf Baz\u0131 havayollar\u0131nda yeme-i\u00e7me ve online check-in hizmetleri \u00fccrete tabi olabilir.<br>\u25cf Otob\u00fcsl\u00fc turlar\u0131m\u0131zda, rezervasyon esnas\u0131nda kesinlikle \u201cKoltuk Numaras\u0131\u201d garantisi verilmez. Otob\u00fcsl\u00fc<br>turlar\u0131m\u0131zda kullan\u0131lacak ara\u00e7 tipleri, kat\u0131l\u0131mc\u0131 say\u0131s\u0131na g\u00f6re belirlenmektedir.<br>\u25cf T.C. Ye\u015fil Pasaportu ile seyahat edecek misafirlerimizin pasaport al\u0131n\u0131\u015f tarihi 10 y\u0131ldan eski ise; pasaportlar\u0131n\u0131<br>yenilemeleri gereklidir.<br>\u25cf Y\u0131rt\u0131k, y\u0131pranm\u0131\u015f, \u0131slanm\u0131\u015f ve\/veya benzeri tahribat(lar)a u\u011fram\u0131\u015f pasaportlar nedeniyle ziyaret edilecek \u00fclke<br>s\u0131n\u0131r kap\u0131s\u0131nda g\u00fcmr\u00fck polisi ile sorun ya\u015fanmamas\u0131 ad\u0131na; an\u0131lan pasaportlar\u0131n yenilenmesi ve T.C. vatanda\u015flar\u0131na<br>vize uygulayan bir \u00fclke ise ilgili vizenin yeni pasaportta olmas\u0131 gerekmektedir. Aksi durumda sorumluluk yolcuya<br>aittir.<br>\u25cf Seyahat biti\u015f tarihi sonras\u0131, pasaport ge\u00e7erlilik s\u00fcreleri \u00fclkelere g\u00f6re minimum 6 ay ile 1 y\u0131l aral\u0131\u011f\u0131nda<br>de\u011fi\u015fkenlik g\u00f6stermektedir. \u00dclkelerin talepleri olan pasaport ge\u00e7erlilik s\u00fcresi bilgilerine&nbsp;buraya&nbsp;t\u0131klayarak<br>ula\u015fabilirsiniz.&nbsp;&nbsp;Aksi durumda misafirlerimiz \u00fclke pasaport polisleri taraf\u0131ndan \u00fclkeye al\u0131nmama durumu ile<br>kar\u015f\u0131la\u015fabilir.<br>\u25cf Schengen b\u00f6lgesine seyahat edecek herhangi bir pasaport tipine sahip misafirlerin e\u011fer pasaportlar\u0131n\u0131n al\u0131n\u0131\u015f<br>tarihi 10 y\u0131ldan eski ise; pasaportlar\u0131n\u0131 yenilemeleri talep edilebilir. Aksi halde gidecekleri \u00fclkeye kabul<br>edilmeyebilirler ve\/veya T\u00fcrkiye&amp;#39;den havayolu firmas\u0131 taraf\u0131ndan u\u00e7u\u015flar\u0131 ger\u00e7ekle\u015ftirilmeyebilir. B\u00f6yle bir durumda<br>sorumluluk yolcuya aittir.<br>\u25cf Schengen Vizesi istenen destinasyonlara yap\u0131lan gezilere kat\u0131lacak T.C. Vatanda\u015f\u0131 misafirlerin mutlaka vize<br>ge\u00e7erlili\u011fini, \u00e7ok giri\u015fli olup olmad\u0131\u011f\u0131n\u0131, kullan\u0131m s\u00fcresinin biti\u015fini kontrol etmesi gerekmektedir.<\/p>\n<p>\u25cf T.C. vatanda\u015f\u0131 olsa dahi, yurt d\u0131\u015f\u0131 gezisine farkl\u0131 bir \u00fclkeden sahip oldu\u011fu pasaport ile \u00e7\u0131kacak misafirlerimizin,<br>seyahat edece\u011fi \u00fclke(ler)de vize uygulamas\u0131 olup olmad\u0131\u011f\u0131 hakk\u0131nda, ilgili konsoloslu\u011fa ba\u015fvurarak bilgi almas\u0131<br>gerekmektedir.<br>\u25cf Turun iptali durumunda vize \u00fccreti iade edilmez. Vize al\u0131nm\u0131\u015f olmas\u0131, \u00fclkeye giri\u015f yap\u0131labilece\u011fi anlam\u0131na<br>gelmez, pasaport polisinin \u00fclkeye sokmama yetkisi vard\u0131r. Bu durumdan Tatilsepeti.com sorumlu de\u011fildir, sorumluluk<br>misafire (yolcuya) aittir.<br>\u25cf Yeterli say\u0131 sa\u011flanamad\u0131\u011f\u0131 takdirde geziler yap\u0131lamamakta veya ekstra gezi fiyatlar\u0131, i\u00e7erik, kullan\u0131lacak ara\u00e7 ve<br>kat\u0131l\u0131mc\u0131 say\u0131s\u0131na g\u00f6re de\u011fi\u015fiklik g\u00f6stermektedir.<br>Not: Acente havayolu ile yolcu aras\u0131nda arac\u0131 konumunda olup, 28.09.1955 Lahey Protokol\u00fcne t\u00e2bidir. U\u00e7u\u015f<br>\u00f6ncesinde saatler de\u011fi\u015febilir ve t\u00fcm saatlerin hareket tarihlerinden 48 saat \u00f6nce teyid edilmesi gerekmektedir.<br>Yurtd\u0131\u015f\u0131 gezilerinde en az 6 ay ge\u00e7erli pasaport olmas\u0131 mecbur\u00eedir. Paket tura kat\u0131lacak say\u0131n\u0131n yeterli olmamas\u0131<br>durumunda 20 g\u00fcn \u00f6ncesinden tur iptali t\u00fcketiciye bildirilir. U\u00e7a\u011f\u0131n inece\u011fi \u015fehre g\u00f6re parkurlarda de\u011fi\u015fiklikler<br>olabilir.<\/p>\t\t\t\t\t\t\t\t<\/div>\n\t\t\t\t<\/div>\n\t\t\t\t\t<\/div>\n\t\t\t\t<\/div>\n\t\t\t\t<\/div>\n\t\t","protected":false},"excerpt":{"rendered":"<p>1.G\u00dcN \u0130stanbul \u2013 Tivat \u2013 Budva\u0130stanbul Havaliman\u0131 D\u0131\u015f Hatlar Gidi\u015f Terminalinde 05:00\u2019de bulu\u015fma. Bilet, pasaport ve bagaj i\u015flemlerinin ard\u0131ndanT\u00fcrk Havayollar\u0131n\u0131n TK1095 sefer say\u0131l\u0131 u\u00e7u\u015fu ile saat 07:25\u2019de Tivat\u2019a hareket. Yerel saat ile 08:15\u2019de var\u0131\u015f\u0131m\u0131z\u0131nard\u0131ndan alanda bekleyen otob\u00fcs\u00fcm\u00fcz ile Budva\u2019ya transfer ve var\u0131\u015f\u0131m\u0131z sonras\u0131nda panoramik Budva \u015fehir turunaba\u015fl\u0131yoruz. 2500 y\u0131ll\u0131k ge\u00e7mi\u015fi ile Adriyatik\u2019in en eski yerle\u015fim [&hellip;]<\/p>\n","protected":false},"author":1,"featured_media":4067,"parent":0,"menu_order":0,"comment_status":"closed","ping_status":"closed","template":"","meta":{"footnotes":""},"class_list":["post-4103","page","type-page","status-publish","has-post-thumbnail","hentry"],"acf":[],"_links":{"self":[{"href":"https:\/\/izzydmc.com\/index.php?rest_route=\/wp\/v2\/pages\/4103"}],"collection":[{"href":"https:\/\/izzydmc.com\/index.php?rest_route=\/wp\/v2\/pages"}],"about":[{"href":"https:\/\/izzydmc.com\/index.php?rest_route=\/wp\/v2\/types\/page"}],"author":[{"embeddable":true,"href":"https:\/\/izzydmc.com\/index.php?rest_route=\/wp\/v2\/users\/1"}],"replies":[{"embeddable":true,"href":"https:\/\/izzydmc.com\/index.php?rest_route=%2Fwp%2Fv2%2Fcomments&post=4103"}],"version-history":[{"count":4,"href":"https:\/\/izzydmc.com\/index.php?rest_route=\/wp\/v2\/pages\/4103\/revisions"}],"predecessor-version":[{"id":4107,"href":"https:\/\/izzydmc.com\/index.php?rest_route=\/wp\/v2\/pages\/4103\/revisions\/4107"}],"wp:featuredmedia":[{"embeddable":true,"href":"https:\/\/izzydmc.com\/index.php?rest_route=\/wp\/v2\/media\/4067"}],"wp:attachment":[{"href":"https:\/\/izzydmc.com\/index.php?rest_route=%2Fwp%2Fv2%2Fmedia&parent=4103"}],"curies":[{"name":"wp","href":"https:\/\/api.w.org\/{rel}","templated":true}]}}