{"id":4113,"date":"2025-08-25T13:03:39","date_gmt":"2025-08-25T13:03:39","guid":{"rendered":"https:\/\/izzydmc.com\/?page_id=4113"},"modified":"2025-08-25T13:07:35","modified_gmt":"2025-08-25T13:07:35","slug":"budva-turu-thy-26-30-mayis-2026","status":"publish","type":"page","link":"https:\/\/izzydmc.com\/?page_id=4113","title":{"rendered":"Budva Turu THY 26-30 May\u0131s 2026"},"content":{"rendered":"\t\t<div data-elementor-type=\"wp-page\" data-elementor-id=\"4113\" class=\"elementor elementor-4113\">\n\t\t\t\t<div class=\"elementor-element elementor-element-e25fb10 e-flex e-con-boxed e-con e-parent\" data-id=\"e25fb10\" data-element_type=\"container\" data-e-type=\"container\">\n\t\t\t\t\t<div class=\"e-con-inner\">\n\t\t\t\t<div class=\"elementor-element elementor-element-e083730 elementor-widget elementor-widget-text-editor\" data-id=\"e083730\" data-element_type=\"widget\" data-e-type=\"widget\" data-widget_type=\"text-editor.default\">\n\t\t\t\t<div class=\"elementor-widget-container\">\n\t\t\t\t\t\t\t\t\t<p><b>1.G\u00dcN \u0130stanbul \u2013 Podgorica \u2013 Budva<br><\/b>\u0130stanbul Havaliman\u0131 D\u0131\u015f Hatlar Gidi\u015f Terminalinde 05:00\u2019de bulu\u015fma. Bilet, pasaport ve bagaj i\u015flemlerinin ard\u0131ndan<br>T\u00fcrk Havayollar\u0131n\u0131n TK1085 sefer say\u0131l\u0131 u\u00e7u\u015fu ile saat 07:30\u2019da Podgorica\u2019ya hareket. Yerel saat ile 08:20\u2019de<br>var\u0131\u015f\u0131m\u0131z\u0131n ard\u0131ndan alanda bekleyen otob\u00fcs\u00fcm\u00fcz ile Budva\u2019ya transfer ve var\u0131\u015f\u0131m\u0131z sonras\u0131nda panoramik Budva<br>\u015fehir turuna ba\u015fl\u0131yoruz. 2500 y\u0131ll\u0131k ge\u00e7mi\u015fi ile Adriyatik\u2019in en eski yerle\u015fim yerlerinden birisi olan Budva ayn\u0131 zamanda<br>\u00e7ok g\u00f6zde bir tatil merkezi olarak bilinmektedir. Eski \u015fehrin surlar\u0131 i\u00e7inde ve Kalenin etraf\u0131ndan keyifli bir gezinin<br>ard\u0131ndan kahve molas\u0131 i\u00e7in serbest zaman. Ak\u015fam\u00fczeri saat 17:30 gibi otelimize hareket ve odalara yerle\u015fme.<br>Dinlenme imk\u00e2n\u0131. Ak\u015fam yeme\u011fi ve konaklama otelimizde.<br><br><\/p><p><b>2.G\u00dcN Budva (Kotor \u2013 Perast \u2013 Porto Monetenegro)<br><\/b>Sabah otelimizde alaca\u011f\u0131m\u0131z kahvalt\u0131n\u0131n ard\u0131ndan tam g\u00fcn serbest zaman. Arzu edenler ile ekstra tam g\u00fcn s\u00fcrecek<br>olan Kotor K\u00f6rfezi turumuza kat\u0131lma imk\u00e2n\u0131. (75 Euro) Montenegro\u2019nun tarihi ve do\u011fal g\u00fczelliklerini<br>ke\u015ffedebilece\u011fimiz bu turumuzda, ilk dura\u011f\u0131m\u0131z dura\u011f\u0131 Perast olacak. Bu \u015firin deniz kenar\u0131 Karada\u011f kasabas\u0131na hayran<br>kalacaks\u0131n\u0131z. Burada kahvelerinizi yudumlad\u0131ktan sonraki dura\u011f\u0131m\u0131z UNESCO taraf\u0131ndan D\u00fcnya K\u00fclt\u00fcr Miras\u0131 Listesi&amp;#39;ne<br>al\u0131nan ve do\u011fal bir liman olan Kotor \u015fehrini gezece\u011fiz. Kotor&amp;#39;da kale i\u00e7inde yap\u0131lacak rehber e\u015fli\u011findeki gezinin ve<br>sunulacak serbest zaman\u0131n ard\u0131ndan Porto Montenegro liman\u0131na do\u011fru yola \u00e7\u0131k\u0131yoruz. Burada yap\u0131lacak olan k\u0131sa<br>y\u00fcr\u00fcy\u00fc\u015f\u00fcm\u00fcz ard\u0131ndan marina\u2019da verece\u011fimiz serbest kahve molas\u0131 sonras\u0131nda Budva\u2019da bulunan otelimize d\u00f6n\u00fc\u015f ve<br>dinlenme imk\u00e2n\u0131. Ak\u015fam yeme\u011fi ve konaklama otelimizde.<br><br><\/p><p><b>3.G\u00dcN Budva (Sveti Stefan \u2013 Virpazar \u2013 Skadar g\u00f6l\u00fc \u2013 Bar)<br><\/b>Sabah otelimizde alaca\u011f\u0131m\u0131z kahvalt\u0131n\u0131n ard\u0131ndan tam g\u00fcn serbest zaman. Arzu edenler ile ekstra d\u00fczenlenecek olan<br>Sveti Stefan, Bar, Virpazar, Skardar g\u00f6l\u00fc turumuz i\u00e7in otelimizde hareket ediyoruz. (75 Euro) G\u00fcn\u00fcm\u00fcze ola\u011fan\u00fcst\u00fc<br>manzaras\u0131yla Sveti Stefan ile ba\u015fl\u0131yoruz. Uzun y\u0131llar \u00f6nce bal\u0131k\u00e7\u0131lar\u0131n yerle\u015fim alan\u0131 olan bir adan\u0131n kamula\u015ft\u0131r\u0131lmas\u0131 ve<br>sonras\u0131nda Singapurlu bir otel zincirine sat\u0131lmas\u0131 ile g\u00fcn\u00fcm\u00fczde restorasyon \u00e7al\u0131\u015fmalar\u0131yla turizme kazand\u0131r\u0131lan<br>muhte\u015fem Sveti Stefan\u2019\u0131 panoramik olarak tepeden g\u00f6rebilece\u011finiz bir yerde foto\u011fraf molas\u0131 veriyoruz. Daha sonra<br>Adriyatik denizi k\u0131y\u0131s\u0131ndaki tarihi ve turistik \u015fehir Bar\u2019a do\u011fru yola \u00e7\u0131k\u0131yoruz. Karada\u011f\u2019\u0131n ana liman\u0131 olan \u015fehirde biz<br>da\u011fl\u0131k k\u0131sm\u0131 olan Stari Bar\u2019\u0131 geziyor ve burada d\u0131\u015far\u0131dan tarihi Bar kalesini ve Osmanl\u0131\u2019dan kalan tarihi camiyi<br>g\u00f6r\u00fcyoruz. K\u00fc\u00e7\u00fck ve \u015firin \u00e7ar\u015f\u0131s\u0131n\u0131 ziyaret ettikten sonra Virpazar\u2019a do\u011fru yolumuza devam ediyoruz. Virpazar\u2019da<br>verece\u011fimiz bir saatlik serbest zamanda k\u00fc\u00e7\u00fck teknelerle \u0130\u015fkodra G\u00f6l\u00fcnde tekne gezisi yapabilirsiniz. (tekne gezisi<br>yapmak isteyen misafirlerimiz ilave olarak ki\u015fi ba\u015f\u0131 20 Euro Milli Park giri\u015f \u00fccreti ve tekne \u00fccreti \u00f6deyeceklerdir). Flora<br>ve fauna benzersizli\u011fi, k\u00fclt\u00fcrel ve tarihi miras\u0131 ile d\u00fcnya \u00e7ap\u0131nda tan\u0131nan Balkan Yar\u0131madas\u0131&amp;#39;n\u0131n en b\u00fcy\u00fck g\u00f6l\u00fcn\u00fc<br>g\u00f6rme imkan\u0131 bulacaks\u0131n\u0131z. Skadar G\u00f6l\u00fc Milli Park\u0131, \u015f\u00fcphesiz en g\u00fczel milli parklardan ve Karada\u011f&amp;#39;\u0131n markalar\u0131ndan<br>biridir. G\u00f6l\u00fcn Karada\u011f k\u0131sm\u0131 1983 y\u0131l\u0131nda milli park ilan edilmi\u015ftir. 391 km2&amp;#39;lik b\u00fcy\u00fckl\u00fc\u011f\u00fc onu Balkan Yar\u0131madas\u0131&amp;#39;n\u0131n<br>en b\u00fcy\u00fck g\u00f6l\u00fc yapmaktad\u0131r. Turumuz sonras\u0131 Budva\u2019ya geri d\u00f6n\u00fcyor ve bizi bekleyen arac\u0131m\u0131z ile otelimize transfer<br>oluyoruz. Ak\u015fam yeme\u011fi ve konaklama otelimizde.<br><br><\/p><p><b>4.G\u00dcN Budva (Cetinje-Podgorica-Big Fashion al\u0131\u015fveri\u015f merkezi)<br><\/b>Sabah otelimizde alaca\u011f\u0131m\u0131z kahvalt\u0131n\u0131n ard\u0131ndan tam g\u00fcn serbest zaman. Arzu eden misafirlerimiz ile ekstra olarak<br>yap\u0131lacak olan Cetinje-Podgorica-Big Fashion al\u0131\u015fveri\u015f merkezi turumuz i\u00e7in otelimizden hareket ediyoruz. (60 Euro)<br>Bu turumuzda \u00f6nce Cetinje ve Podgorica turumuz ard\u0131ndan Podgorica merkezde bulunan Big Fashion al\u0131\u015fveri\u015f<br>merkezinde verilecek al\u0131\u015fveri\u015f molas\u0131 sonras\u0131nda otelimize d\u00f6n\u00fcyoruz. Ak\u015fam yeme\u011fi ve konaklama otelimizde.<\/p>\n<p><br><\/p><p><b>5.G\u00dcN Budva \u2013 Podgorica \u2013 \u0130stanbul<br><\/b>Sabah otelimizde alaca\u011f\u0131m\u0131z kahvalt\u0131n\u0131n ard\u0131nda en ge\u00e7 saat 11:00 de odalar\u0131n bo\u015falt\u0131lmas\u0131 ve saat 12:30\u2019da<br>Podgorica Havaliman\u0131na transfer ve Check-in i\u015flemlerin ard\u0131ndan saat 16:15\u2019te T\u00fcrk Havayollar\u0131n\u0131n TK 1090 sefer<br>say\u0131l\u0131 ile \u0130stanbul\u2019a u\u00e7uyoruz. 19:05\u2019te var\u0131\u015f\u0131m\u0131z sonras\u0131nda, turumuzun sonu.<br><br><\/p><p><b>OTELLER\u0130M\u0130Z<br><\/b>4* Hotel Tara vb.<br><br><\/p><p><b>TUR \u00dcCRET\u0130 :<br><\/b>\u0130ki Ki\u015filik odada Ki\u015fi ba\u015f\u0131 :749 Euro<br>Tek ki\u015filik oda :899 Euro<br>Odada 3. Ki\u015fi (ek yatak) :749 Euro<br>0-2 ya\u015f bebek :200 Euro<br>3-11 ya\u015f cocuk :719 Euro<\/p>\n<p><br><\/p><p><b>\u00dccrete Dahil olan Servisler<br><\/b>\uf0d8 T\u00fcrk havayollar\u0131 \u0130stanbul &#8211; Podgorica gidi\u015f, d\u00f6n\u00fc\u015f ekonomi s\u0131n\u0131f\u0131 u\u00e7ak biletleri<br>\uf0d8 Belirtilen otelde toplam 4 gece 5 g\u00fcn oda kahvalt\u0131 + ak\u015fam yeme\u011fi (i\u00e7ecekler hari\u00e7) Konaklama<br>\uf0d8 Otel \u015eehir vergileri<br>\uf0d8 Havaliman\u0131-otel-havaliman\u0131 transferleri<br>\uf0d8 Panoramik Budva \u015fehir turu<br>\uf0d8 T\u00fcrk\u00e7e Rehberlik hizmetleri<br>\uf0d8 Lokal Rehberlik hizmetleri<br><br><\/p><p><b>\u00dccrete Dahil Olmayan Servisler<br><\/b>\uf0d8 Yurt D\u0131\u015f\u0131 \u00c7\u0131k\u0131\u015f Harc\u0131 Bedeli 710 TL<br>\uf0d8 Programda Belirtilmeyen T\u00fcm Gezi ve Turlar,<br>\uf0d8 \u015eahsi Harcamalar<br>\uf0d8 Otelde al\u0131nan ekstralar<br>\uf0d8 \u00d6\u011flen ve Ak\u015fam yemekleri<br>\uf0d8 Ekstra geziler<\/p>\n<p>Ekstra turlar Minimum 15 ki\u015finin kat\u0131l\u0131m\u0131 ile ger\u00e7ekle\u015ftirilecektir.<\/p>\n<p><br><\/p><p><b>GENEL B\u0130LG\u0130LER<br><\/b>\uf0b7 Rezervasyon esnas\u0131nda misafirlerimizin pasaport no, do\u011fum tarihi ve pasaportun al\u0131n\u0131\u015f\/son kullanma tarihi<br>bilgilerinin al\u0131nmas\u0131 gerekmektedir.<br>\uf0b7 Tura kat\u0131lan ki\u015filerin seyahat s\u0131ras\u0131nda yanlar\u0131nda Seyahat Sigortalar\u0131n\u0131 bulundurmalar\u0131 gerekmektedir.<br>\uf0b7 Yurtd\u0131\u015f\u0131 \u00c7\u0131k\u0131\u015f Harc\u0131n\u0131n, seyahat tarihinden \u00f6nce ilgili bankalara \u00f6denmesi ve dekontun seyahat s\u0131ras\u0131nda yan\u0131n\u0131zda<br>bulundurulmas\u0131 tavsiye edilir.<br>\uf0b7 Acente, kategorisi ayn\u0131 kalmak kayd\u0131yla otel isimlerini de\u011fi\u015ftirme hakk\u0131n\u0131 sakl\u0131 tutar.<br>\uf0b7 Ekstra turlar\u0131n veya gezilerin g\u00fcnleri; i\u00e7eri\u011fe ba\u011fl\u0131 kalmak kayd\u0131 ile kat\u0131l\u0131mc\u0131 say\u0131s\u0131na (Mimimum 20 ki\u015fi), m\u00fcze ve<br>\u00f6ren yerinin kapal\u0131 olma durumuna, u\u00e7u\u015f saatlerinde olu\u015fabilecek de\u011fi\u015fikliklere g\u00f6re rehber taraf\u0131ndan<br>de\u011fi\u015ftirilebilir.<br>\uf0b7 Panoramik \u015fehir turu, \u015fehirlerin tan\u0131t\u0131m\u0131 i\u00e7in d\u00fczenlenen 2-3 saat s\u00fcreli turlard\u0131r. Panoramik \u015fehir turlar\u0131; m\u00fcze ve<br>\u00f6ren yerleri giri\u015fleri i\u00e7ermemekte olup \u015fehir hakk\u0131nda genel bilgi vermek ama\u00e7l\u0131d\u0131r. Baz\u0131 turlar kapal\u0131 yollar veya<br>ara\u00e7 giri\u015fine izin verilmeyen noktalarda imk\u00e2nlar d\u00e2hilinde toplu ta\u015f\u0131ma veya yaya olarak yap\u0131labilir.<br>\uf0b7 Yol \u00fczeri yap\u0131lacak ekstra turlarda; tura kat\u0131lmayacak olan misafirlerimiz, rehber taraf\u0131ndan belirlenen mola<br>yerinde bekleme yapacaklard\u0131r. (Benzin istasyonu, Dinlenme tesisleri, Market Vb.)<br>\uf0b7 3 ki\u015filik odalar, otellerin m\u00fcsaitli\u011fine g\u00f6re verilmektedir. 3 ki\u015filik odalarda ilave yatak uygulamas\u0131 olup, 3. Yatak<br>standart yataktan k\u00fc\u00e7\u00fckt\u00fcr.<br>\uf0b7 2 yeti\u015fkin + 1 \u00e7ocuk olan rezervasyonlarda \u00e7ocuk i\u00e7in ayr\u0131 yatak bulunmayabilir. \u00c7ocuk fiyatlar\u0131 ancak \u00e7ocu\u011fun iki<br>yeti\u015fkin yan\u0131nda konaklamas\u0131 durumunda ge\u00e7erlidir.&nbsp; \u00c7ocuk indirimleri 2 yeti\u015fkin yan\u0131nda kalan ya\u015f grubuna uyan,&nbsp;<br>\u201ctek \u00e7ocuk\u201d i\u00e7in ge\u00e7erlidir.<br>\uf0b7 Gidilen \u00fclkelerdeki otellerde al\u0131nacak kahvalt\u0131lar\u0131n i\u00e7eri\u011fi T\u00fcrk kahvalt\u0131s\u0131ndan farkl\u0131d\u0131r. Grup kahvalt\u0131lar\u0131 genelde<br>continental kahvalt\u0131 (\u00c7ay\/kahve, kuruvasan ve marmelat) olarak ayr\u0131 salonda verilebilir.<br>\uf0b7 Otellere giri\u015f saatleri uluslar aras\u0131 kurallarca belirlenmi\u015f olup,&nbsp; giri\u015f saat 15:00 &#8211; 16:00 aras\u0131ndad\u0131r. \u00c7\u0131k\u0131\u015f saatleri<br>10:00 &#8211; 12:00 aras\u0131ndad\u0131r.<br>\uf0b7 Fuar, kongre, konser, etkinlik,&nbsp; spor turnuvas\u0131 vb. gibi d\u00f6nemlerde oteller, belirtilen lokasyonlardan veya km\u2019<br>lerden daha fazla mesafede kullan\u0131labilir.<br>\uf0b7 Promosyon ibaresi olan turlar\u0131m\u0131zda otellerimizin konumu ve verilen i\u00e7eri\u011fi standart paketlerimize g\u00f6re farkl\u0131l\u0131k<br>g\u00f6sterebilir. Promosyon turlar\u0131m\u0131zda misafir taraf\u0131ndan iptal veya de\u011fi\u015fiklik yap\u0131lamaz.<br>\uf0b7 18 ya\u015f alt\u0131 re\u015fit say\u0131lmayan \u00e7ocuklar\u0131n anne veya babalar\u0131ndan biri veya ikisi ile beraber tura kat\u0131lmad\u0131\u011f\u0131<br>durumlarda, tura kat\u0131l\u0131m i\u00e7in gerekli olan muvafakatnamelerin seyahat s\u0131ras\u0131nda ki\u015filerin yan\u0131nda bulundurulmas\u0131<br>zorunludur.<br>\uf0b7 Turlar ba\u015fka acente turlar\u0131 ile birle\u015ftirilebilir.<br>\uf0b7 U\u00e7ak saatlerine ba\u011fl\u0131 olarak programda de\u011fi\u015fiklik olabilir.<br>\uf0b7 Baz\u0131 havayollar\u0131nda yeme-i\u00e7me ve online check-in hizmetleri \u00fccrete tabi olabilir.<br>\uf0b7 Otob\u00fcsl\u00fc turlar\u0131m\u0131zda, rezervasyon esnas\u0131nda kesinlikle \u201cKoltuk Numaras\u0131\u201d garantisi verilmez. Otob\u00fcsl\u00fc<br>turlar\u0131m\u0131zda kullan\u0131lacak ara\u00e7 tipleri, kat\u0131l\u0131mc\u0131 say\u0131s\u0131na g\u00f6re belirlenmektedir.<br>\uf0b7 T.C. Ye\u015fil Pasaportu ile seyahat edecek misafirlerimizin pasaport al\u0131n\u0131\u015f tarihi 10 y\u0131ldan eski ise; pasaportlar\u0131n\u0131<br>yenilemeleri gereklidir.<br>\uf0b7 Y\u0131rt\u0131k, y\u0131pranm\u0131\u015f, \u0131slanm\u0131\u015f ve\/veya benzeri tahribat(lar)a u\u011fram\u0131\u015f pasaportlar nedeniyle ziyaret edilecek \u00fclke s\u0131n\u0131r<br>kap\u0131s\u0131nda g\u00fcmr\u00fck polisi ile sorun ya\u015fanmamas\u0131 ad\u0131na; an\u0131lan pasaportlar\u0131n yenilenmesi ve T.C. vatanda\u015flar\u0131na vize<br>uygulayan bir \u00fclke ise ilgili vizenin yeni pasaportta olmas\u0131 gerekmektedir. Aksi durumda sorumluluk yolcuya aittir.<br>\uf0b7 Seyahat biti\u015f tarihi sonras\u0131, pasaport ge\u00e7erlilik s\u00fcreleri \u00fclkelere g\u00f6re minimum 6 ay ile 1 y\u0131l aral\u0131\u011f\u0131nda de\u011fi\u015fkenlik<br>g\u00f6stermektedir. \u00dclkelerin talepleri olan pasaport ge\u00e7erlilik s\u00fcresi bilgilerine&nbsp; buraya &nbsp;t\u0131klayarak ula\u015fabilirsiniz.&nbsp;&nbsp;Aksi<br>durumda misafirlerimiz \u00fclke pasaport polisleri taraf\u0131ndan \u00fclkeye al\u0131nmama durumu ile kar\u015f\u0131la\u015fabilir.<br>\uf0b7 Schengen b\u00f6lgesine seyahat edecek herhangi bir pasaport tipine sahip misafirlerin e\u011fer pasaportlar\u0131n\u0131n al\u0131n\u0131\u015f<br>tarihi 10 y\u0131ldan eski ise; pasaportlar\u0131n\u0131 yenilemeleri talep edilebilir. Aksi halde gidecekleri \u00fclkeye kabul<br>edilmeyebilirler ve\/veya T\u00fcrkiye&amp;#39;den havayolu firmas\u0131 taraf\u0131ndan u\u00e7u\u015flar\u0131 ger\u00e7ekle\u015ftirilmeyebilir. B\u00f6yle bir<br>durumda sorumluluk yolcuya aittir.<\/p>\n<p>\uf0b7 Schengen Vizesi istenen destinasyonlara yap\u0131lan gezilere kat\u0131lacak T.C. Vatanda\u015f\u0131 misafirlerin mutlaka vize<br>ge\u00e7erlili\u011fini, \u00e7ok giri\u015fli olup olmad\u0131\u011f\u0131n\u0131, kullan\u0131m s\u00fcresinin biti\u015fini kontrol etmesi gerekmektedir.<br>\uf0b7 T.C. vatanda\u015f\u0131 olsa dahi, yurt d\u0131\u015f\u0131 gezisine farkl\u0131 bir \u00fclkeden sahip oldu\u011fu pasaport ile \u00e7\u0131kacak misafirlerimizin,<br>seyahat edece\u011fi \u00fclke(ler)de vize uygulamas\u0131 olup olmad\u0131\u011f\u0131 hakk\u0131nda, ilgili konsoloslu\u011fa ba\u015fvurarak bilgi almas\u0131<br>gerekmektedir.<br>\uf0b7 Turun iptali durumunda vize \u00fccreti iade edilmez. Vize al\u0131nm\u0131\u015f olmas\u0131, \u00fclkeye giri\u015f yap\u0131labilece\u011fi anlam\u0131na gelmez,<br>pasaport polisinin \u00fclkeye sokmama yetkisi vard\u0131r. Bu durumdan Tatilsepeti.com sorumlu de\u011fildir, sorumluluk<br>misafire (yolcuya) aittir.<br>\uf0b7 Yeterli say\u0131 sa\u011flanamad\u0131\u011f\u0131 takdirde geziler yap\u0131lamamakta veya ekstra gezi fiyatlar\u0131, i\u00e7erik, kullan\u0131lacak ara\u00e7 ve<br>kat\u0131l\u0131mc\u0131 say\u0131s\u0131na g\u00f6re de\u011fi\u015fiklik g\u00f6stermektedir.<br>Not: Acente havayolu ile yolcu aras\u0131nda arac\u0131 konumunda olup, 28.09.1955 Lahey Protokol\u00fcne t\u00e2bidir. U\u00e7u\u015f<br>\u00f6ncesinde saatler de\u011fi\u015febilir ve t\u00fcm saatlerin hareket tarihlerinden 48 saat \u00f6nce teyid edilmesi gerekmektedir.<br>Yurtd\u0131\u015f\u0131 gezilerinde en az 6 ay ge\u00e7erli pasaport olmas\u0131 mecbur\u00eedir. Paket tura kat\u0131lacak say\u0131n\u0131n yeterli olmamas\u0131<br>durumunda 20 g\u00fcn \u00f6ncesinden tur iptali t\u00fcketiciye bildirilir. U\u00e7a\u011f\u0131n inece\u011fi \u015fehre g\u00f6re parkurlarda de\u011fi\u015fiklikler<br>olabilir.<\/p>\t\t\t\t\t\t\t\t<\/div>\n\t\t\t\t<\/div>\n\t\t\t\t\t<\/div>\n\t\t\t\t<\/div>\n\t\t\t\t<\/div>\n\t\t","protected":false},"excerpt":{"rendered":"<p>1.G\u00dcN \u0130stanbul \u2013 Podgorica \u2013 Budva\u0130stanbul Havaliman\u0131 D\u0131\u015f Hatlar Gidi\u015f Terminalinde 05:00\u2019de bulu\u015fma. Bilet, pasaport ve bagaj i\u015flemlerinin ard\u0131ndanT\u00fcrk Havayollar\u0131n\u0131n TK1085 sefer say\u0131l\u0131 u\u00e7u\u015fu ile saat 07:30\u2019da Podgorica\u2019ya hareket. Yerel saat ile 08:20\u2019devar\u0131\u015f\u0131m\u0131z\u0131n ard\u0131ndan alanda bekleyen otob\u00fcs\u00fcm\u00fcz ile Budva\u2019ya transfer ve var\u0131\u015f\u0131m\u0131z sonras\u0131nda panoramik Budva\u015fehir turuna ba\u015fl\u0131yoruz. 2500 y\u0131ll\u0131k ge\u00e7mi\u015fi ile Adriyatik\u2019in en eski yerle\u015fim [&hellip;]<\/p>\n","protected":false},"author":1,"featured_media":4067,"parent":0,"menu_order":0,"comment_status":"closed","ping_status":"closed","template":"","meta":{"footnotes":""},"class_list":["post-4113","page","type-page","status-publish","has-post-thumbnail","hentry"],"acf":[],"_links":{"self":[{"href":"https:\/\/izzydmc.com\/index.php?rest_route=\/wp\/v2\/pages\/4113"}],"collection":[{"href":"https:\/\/izzydmc.com\/index.php?rest_route=\/wp\/v2\/pages"}],"about":[{"href":"https:\/\/izzydmc.com\/index.php?rest_route=\/wp\/v2\/types\/page"}],"author":[{"embeddable":true,"href":"https:\/\/izzydmc.com\/index.php?rest_route=\/wp\/v2\/users\/1"}],"replies":[{"embeddable":true,"href":"https:\/\/izzydmc.com\/index.php?rest_route=%2Fwp%2Fv2%2Fcomments&post=4113"}],"version-history":[{"count":4,"href":"https:\/\/izzydmc.com\/index.php?rest_route=\/wp\/v2\/pages\/4113\/revisions"}],"predecessor-version":[{"id":4117,"href":"https:\/\/izzydmc.com\/index.php?rest_route=\/wp\/v2\/pages\/4113\/revisions\/4117"}],"wp:featuredmedia":[{"embeddable":true,"href":"https:\/\/izzydmc.com\/index.php?rest_route=\/wp\/v2\/media\/4067"}],"wp:attachment":[{"href":"https:\/\/izzydmc.com\/index.php?rest_route=%2Fwp%2Fv2%2Fmedia&parent=4113"}],"curies":[{"name":"wp","href":"https:\/\/api.w.org\/{rel}","templated":true}]}}