{"id":874,"date":"2022-06-03T01:26:07","date_gmt":"2022-06-03T01:26:07","guid":{"rendered":"https:\/\/dsngrid.com\/arctit\/?page_id=874"},"modified":"2024-11-26T10:24:28","modified_gmt":"2024-11-26T10:24:28","slug":"demo-3","status":"publish","type":"page","link":"https:\/\/izzydmc.com\/?page_id=874","title":{"rendered":"MICE"},"content":{"rendered":"\t\t<div data-elementor-type=\"wp-page\" data-elementor-id=\"874\" class=\"elementor elementor-874\">\n\t\t\t\t\t\t<section class=\"elementor-section elementor-top-section elementor-element elementor-element-97a5076 section-margin container elementor-section-full_width background-transparent elementor-section-height-default elementor-section-height-default\" data-id=\"97a5076\" data-element_type=\"section\" data-e-type=\"section\">\n\t\t\t\t\t\t<div class=\"elementor-container elementor-column-gap-no\">\n\t\t\t\t\t<div class=\"elementor-column elementor-col-100 elementor-top-column elementor-element elementor-element-6941518 background-transparent\" data-id=\"6941518\" data-element_type=\"column\" data-e-type=\"column\">\n\t\t\t<div class=\"elementor-widget-wrap elementor-element-populated\">\n\t\t\t\t\t\t<div class=\"elementor-section elementor-inner-section elementor-element elementor-element-c148b6f elementor-section-full_width elementor-section-content-middle background-transparent elementor-section-height-default elementor-section-height-default\" data-id=\"c148b6f\" data-element_type=\"section\" data-e-type=\"section\">\n\t\t\t\t\t\t<div class=\"elementor-container elementor-column-gap-no\">\n\t\t\t\t\t<div class=\"elementor-column elementor-col-100 elementor-inner-column elementor-element elementor-element-d1487af background-transparent\" data-id=\"d1487af\" data-element_type=\"column\" data-e-type=\"column\">\n\t\t\t<div class=\"elementor-widget-wrap elementor-element-populated\">\n\t\t\t\t\t\t<div class=\"elementor-element elementor-element-3d1d786 elementor-align-justify background-main elementor-widget elementor-widget-dsn_heading\" data-id=\"3d1d786\" data-element_type=\"widget\" data-e-type=\"widget\" data-widget_type=\"dsn_heading.default\">\n\t\t\t\t<div class=\"elementor-widget-container\">\n\t\t\t\t\t<p class=\"sub-heading dsn-heading-title d-inline-block p-relative dsn-up   border-section-bottom dsn-animate-number\">Yakla\u015f\u0131k 30 y\u0131ll\u0131k tecr\u00fcbemizle T\u00fcm Balkan \u00fclkeleri ba\u015fta olmak \u00fczere, G\u00fcrcistan, Azerbaycan, \u0130talya, Hollanda, \u0130talya, Orta Avrupa, Yunanistan, Portekiz ve Polonya\u2019da kurumsal \u015firket organizasyonlar\u0131n\u0131zda ihtiyac\u0131n\u0131z olan t\u00fcm hizmetleri tek adresten sizlere sa\u011flamak amac\u0131yla hizmet veriyoruz.<br>\n<br>Kurumsal firmalar\u0131n\u0131z\u0131n veya kapal\u0131 gruplar\u0131n\u0131z\u0131n e\u011fitim ve bayi toplant\u0131lar\u0131nda, motivasyon ve te\u015fvik gezilerinde, y\u0131l sonu de\u011ferlendirme toplant\u0131lar\u0131nda destinasyonlar\u0131m\u0131zda rekabet\u00e7i b\u00fct\u00e7e alternatifleri sunarak organizasyonun A\u2019dan Z\u2019ye planlanmas\u0131nda ve ba\u015far\u0131yla uygulanmas\u0131nda \u00e7\u00f6z\u00fcm orta\u011f\u0131n\u0131z olarak \u00e7al\u0131\u015f\u0131yoruz.<br><br>\nAyn\u0131 zamanda, operasyonel s\u00fcre\u00e7lerinize destek olmak amac\u0131yla destinasyon fark etmeksizin Mice organizasyonlar\u0131nda destinasyon ara\u015ft\u0131r\u0131lmas\u0131ndan teklif verilmesine, t\u00fcm haz\u0131rl\u0131klar\u0131n yap\u0131l\u0131p operasyon esnas\u0131nda gruba e\u015flik edilmesine kadar t\u00fcm hizmetleri profesyonel bir \u015fekilde sunmaktay\u0131z.  <br> <br>\n\nIzzy Dmc olarak ilkemiz, siz de\u011ferli i\u015f ortaklar\u0131m\u0131z ile m\u00fc\u015fteri memnuniyetini \u00f6nde tutarak planlad\u0131\u011f\u0131n\u0131z organizasyonlar\u0131n g\u00fcvenli ve her b\u00fct\u00e7eye uygun olmas\u0131n\u0131 sa\u011flamak, misafirlerinize keyifli ve e\u011flenceli seyahat deneyimleri kazand\u0131rmakt\u0131r.\n<\/p>\t\t\t\t<\/div>\n\t\t\t\t<\/div>\n\t\t\t\t\t<\/div>\n\t\t<\/div>\n\t\t\t\t\t<\/div>\n\t\t<\/div>\n\t\t\t\t\t<\/div>\n\t\t<\/div>\n\t\t\t\t\t<\/div>\n\t\t<\/section>\n\t\t\t\t<section class=\"elementor-section elementor-top-section elementor-element elementor-element-db91257 section-margin container elementor-section-full_width background-transparent elementor-section-height-default elementor-section-height-default\" data-id=\"db91257\" data-element_type=\"section\" data-e-type=\"section\">\n\t\t\t\t\t\t<div class=\"elementor-container elementor-column-gap-no\">\n\t\t\t\t\t<div class=\"elementor-column elementor-col-100 elementor-top-column elementor-element elementor-element-9b2293d background-transparent\" data-id=\"9b2293d\" data-element_type=\"column\" data-e-type=\"column\">\n\t\t\t<div class=\"elementor-widget-wrap elementor-element-populated\">\n\t\t\t\t\t\t<div class=\"elementor-element elementor-element-5d620e7 elementor-align-center icon-top elementor-widget elementor-widget-dsn_service\" data-id=\"5d620e7\" data-element_type=\"widget\" data-e-type=\"widget\" data-widget_type=\"dsn_service.default\">\n\t\t\t\t<div class=\"elementor-widget-container\">\n\t\t\t\t\t<div class=\"dsn-grid-layout  dsn-grid  dsn-service  icon-top\" data-dsn-iso=\"5d620e7\">\n\n    <div class=\"service-item p-relative grid-item style-box  background-section\" >\n\n        <div class=\"service-item-inner number-item h-100\">\n\t\t\t<div class=\"service-content p-relative\"><h4 class=\"service_title  title-block \">MEETING<\/h4> <div class=\"service_description mt-20 max-w570 dsn-auto\"><p>* E\u011fitim ve Bayi Toplant\u0131lar\u0131<\/p><p>* Y\u0131l Sonu De\u011ferlendirme Toplant\u0131lar\u0131<\/p><\/div> <\/div>\n        <\/div>\n    <\/div>\n\t\n\n    <div class=\"service-item p-relative grid-item style-box  background-section\" >\n\n        <div class=\"service-item-inner number-item h-100\">\n\t\t\t<div class=\"service-content p-relative\"><h4 class=\"service_title  title-block \">INCENTIVE<\/h4> <div class=\"service_description mt-20 max-w570 dsn-auto\"><p>* Motivasyon ve Te\u015fvik Gezileri<\/p><p>* Tak\u0131m Aktiviteleri<\/p><p>* K\u00fclt\u00fcrel Geziler<\/p><p>* U\u00e7ak Bileti ve transfer hizmetleri<\/p><\/div> <\/div>\n        <\/div>\n    <\/div>\n\t\n\n    <div class=\"service-item p-relative grid-item style-box  background-section\" >\n\n        <div class=\"service-item-inner number-item h-100\">\n\t\t\t<div class=\"service-content p-relative\"><h4 class=\"service_title  title-block \">CONGRESS<\/h4> <div class=\"service_description mt-20 max-w570 dsn-auto\"><p>* Sekt\u00f6rel Kongreler ve Konferanslar<\/p><p>* Konferanslar ve Sempozyumlar <\/p><\/div> <\/div>\n        <\/div>\n    <\/div>\n\t\n\n    <div class=\"service-item p-relative grid-item style-box  background-section\" >\n\n        <div class=\"service-item-inner number-item h-100\">\n\t\t\t<div class=\"service-content p-relative\"><h4 class=\"service_title  title-block \">EVENT<\/h4> <div class=\"service_description mt-20 max-w570 dsn-auto\"><p>* Lansman ve \u00d6zel Etkinlikler<\/p><p>* Saha Aktiviteleri<\/p><\/div> <\/div>\n        <\/div>\n    <\/div>\n\t\n\n<\/div>\t\t\t\t<\/div>\n\t\t\t\t<\/div>\n\t\t\t\t\t<\/div>\n\t\t<\/div>\n\t\t\t\t\t<\/div>\n\t\t<\/section>\n\t\t\t\t<div class=\"elementor-section elementor-top-section elementor-element elementor-element-0b92b0d section-padding elementor-section-full_width background-section elementor-section-height-default elementor-section-height-default\" data-id=\"0b92b0d\" data-element_type=\"section\" data-e-type=\"section\">\n\t\t\t\t\t\t\t<div class=\"elementor-background-overlay\"><\/div>\n\t\t\t\t\t\t\t<div class=\"elementor-container elementor-column-gap-no\">\n\t\t\t\t\t<div class=\"elementor-column elementor-col-100 elementor-top-column elementor-element elementor-element-eb3a969 container background-transparent\" data-id=\"eb3a969\" data-element_type=\"column\" data-e-type=\"column\">\n\t\t\t<div class=\"elementor-widget-wrap elementor-element-populated\">\n\t\t\t\t\t\t<section class=\"elementor-section elementor-inner-section elementor-element elementor-element-8b2ec8d elementor-section-full_width elementor-section-content-middle background-transparent elementor-section-height-default elementor-section-height-default\" data-id=\"8b2ec8d\" data-element_type=\"section\" data-e-type=\"section\">\n\t\t\t\t\t\t<div class=\"elementor-container elementor-column-gap-no\">\n\t\t\t\t\t<div class=\"elementor-column elementor-col-50 elementor-inner-column elementor-element elementor-element-365932a background-transparent\" data-id=\"365932a\" data-element_type=\"column\" data-e-type=\"column\">\n\t\t\t<div class=\"elementor-widget-wrap elementor-element-populated\">\n\t\t\t\t\t\t<div class=\"elementor-element elementor-element-526073d elementor-widget__width-initial background-transparent elementor-widget elementor-widget-dsn_heading\" data-id=\"526073d\" data-element_type=\"widget\" data-e-type=\"widget\" data-widget_type=\"dsn_heading.default\">\n\t\t\t\t<div class=\"elementor-widget-container\">\n\t\t\t\t\t<h2 class=\"dsn-heading-title d-inline-block p-relative     \"><span style=\"color: rgb(255, 255, 255); background-color: rgb(24, 24, 24); display: inline !important;\">Bizimle \u0130leti\u015fime Ge\u00e7mek \u0130ster misiniz?<\/span><span style=\"color: rgb(255, 255, 255); background-color: rgb(24, 24, 24); display: inline !important;\"><\/span><\/h2>\t\t\t\t<\/div>\n\t\t\t\t<\/div>\n\t\t\t\t<div class=\"elementor-element elementor-element-5c65a87 background-transparent elementor-widget elementor-widget-dsn_heading\" data-id=\"5c65a87\" data-element_type=\"widget\" data-e-type=\"widget\" data-widget_type=\"dsn_heading.default\">\n\t\t\t\t<div class=\"elementor-widget-container\">\n\t\t\t\t\t<p class=\"dsn-heading-title d-inline-block p-relative     \"><span style=\"color: rgba(255, 255, 255, 0.69); background-color: rgb(24, 24, 24); display: inline !important;\">Daha fazla bilgi mi edinmek istiyorsunuz? <\/span><br style=\"border-color: var(--border-color); background-color: rgb(24, 24, 24);\"><span style=\"color: rgba(255, 255, 255, 0.69); background-color: rgb(24, 24, 24); display: inline !important;\">Tan\u0131\u015fal\u0131m!<\/span><span style=\"color: rgba(255, 255, 255, 0.69); background-color: rgb(24, 24, 24); display: inline !important;\"><\/span><\/p>\t\t\t\t<\/div>\n\t\t\t\t<\/div>\n\t\t\t\t\t<\/div>\n\t\t<\/div>\n\t\t\t\t<div class=\"elementor-column elementor-col-50 elementor-inner-column elementor-element elementor-element-b4738b7 background-transparent\" data-id=\"b4738b7\" data-element_type=\"column\" data-e-type=\"column\">\n\t\t\t<div class=\"elementor-widget-wrap elementor-element-populated\">\n\t\t\t\t\t\t<div class=\"elementor-element elementor-element-e0f4a21 dsn-border-style elementor-widget elementor-widget-dsn_button\" data-id=\"e0f4a21\" data-element_type=\"widget\" data-e-type=\"widget\" data-widget_type=\"dsn_button.default\">\n\t\t\t\t<div class=\"elementor-widget-container\">\n\t\t\t\t\t<a class=\"dsn-btn text-center dsn-border border-color-heading  background-transparent  vid effect-ajax image-zoom move-circle\" href=\"https:\/\/izzydmc.com\/?page_id=1123\" data-dsn=\"parallax\">  <span class=\"title-btn heading-color z-index-1\">\u0130stek G\u00f6nder<\/span> <\/a>\t\t\t\t<\/div>\n\t\t\t\t<\/div>\n\t\t\t\t\t<\/div>\n\t\t<\/div>\n\t\t\t\t\t<\/div>\n\t\t<\/section>\n\t\t\t\t\t<\/div>\n\t\t<\/div>\n\t\t\t\t\t<\/div>\n\t\t<\/div>\n\t\t\t\t<section class=\"elementor-section elementor-top-section elementor-element elementor-element-6a3871d elementor-section-full_width v-light background-section dsn-container elementor-section-height-default elementor-section-height-default\" data-id=\"6a3871d\" data-element_type=\"section\" data-e-type=\"section\">\n\t\t\t\t\t\t<div class=\"elementor-container elementor-column-gap-no\">\n\t\t\t\t\t<div class=\"elementor-column elementor-col-100 elementor-top-column elementor-element elementor-element-7769079 container background-transparent\" data-id=\"7769079\" data-element_type=\"column\" data-e-type=\"column\">\n\t\t\t<div class=\"elementor-widget-wrap elementor-element-populated\">\n\t\t\t\t\t\t<section class=\"elementor-section elementor-inner-section elementor-element elementor-element-3a7d8e4 elementor-section-full_width dsn-container background-transparent elementor-section-height-default elementor-section-height-default\" data-id=\"3a7d8e4\" data-element_type=\"section\" data-e-type=\"section\">\n\t\t\t\t\t\t<div class=\"elementor-container elementor-column-gap-no\">\n\t\t\t\t\t<div class=\"elementor-column elementor-col-25 elementor-inner-column elementor-element elementor-element-9fd9d7a background-transparent\" data-id=\"9fd9d7a\" data-element_type=\"column\" data-e-type=\"column\">\n\t\t\t<div class=\"elementor-widget-wrap elementor-element-populated\">\n\t\t\t\t\t\t<div class=\"elementor-element elementor-element-b5f4f82 elementor-widget__width-initial elementor-widget elementor-widget-image\" data-id=\"b5f4f82\" data-element_type=\"widget\" data-e-type=\"widget\" data-widget_type=\"image.default\">\n\t\t\t\t<div class=\"elementor-widget-container\">\n\t\t\t\t\t\t\t\t\t\t\t\t\t\t\t<img decoding=\"async\" src=\"https:\/\/izzydmc.com\/wp-content\/uploads\/elementor\/thumbs\/izyydmcmice_logo-1-e1725831320212-qttotzxbbh8hmdp88ig9ewzhhvit542hjzcm0jsti4.png\" title=\"izyydmcmice_logo\" alt=\"izyydmcmice_logo\" loading=\"lazy\" \/>\t\t\t\t\t\t\t\t\t\t\t\t\t\t\t<\/div>\n\t\t\t\t<\/div>\n\t\t\t\t\t<\/div>\n\t\t<\/div>\n\t\t\t\t<div class=\"elementor-column elementor-col-25 elementor-inner-column elementor-element elementor-element-9545f9d background-transparent\" data-id=\"9545f9d\" data-element_type=\"column\" data-e-type=\"column\">\n\t\t\t<div class=\"elementor-widget-wrap elementor-element-populated\">\n\t\t\t\t\t\t<div class=\"elementor-element elementor-element-eacf156 background-transparent elementor-widget elementor-widget-dsn_heading\" data-id=\"eacf156\" data-element_type=\"widget\" data-e-type=\"widget\" data-widget_type=\"dsn_heading.default\">\n\t\t\t\t<div class=\"elementor-widget-container\">\n\t\t\t\t\t<h6 class=\"dsn-heading-title d-inline-block p-relative    p-10 background-main \">Adres<\/h6>\t\t\t\t<\/div>\n\t\t\t\t<\/div>\n\t\t\t\t<div class=\"elementor-element elementor-element-38c75c8 elementor-widget__width-initial background-transparent elementor-widget elementor-widget-dsn_heading\" data-id=\"38c75c8\" data-element_type=\"widget\" data-e-type=\"widget\" data-widget_type=\"dsn_heading.default\">\n\t\t\t\t<div class=\"elementor-widget-container\">\n\t\t\t\t\t<p class=\"sm-title-block dsn-heading-title d-inline-block p-relative     \">E\u011fitim Mah. Poyraz Sk. Sad\u0131ko\u011flu \u0130\u015f Merkezi 3 No:28, Kat:3 Daire:17 Kad\u0131k\u00f6y \u0130stanbul<\/p>\t\t\t\t<\/div>\n\t\t\t\t<\/div>\n\t\t\t\t\t<\/div>\n\t\t<\/div>\n\t\t\t\t<div class=\"elementor-column elementor-col-25 elementor-inner-column elementor-element elementor-element-03817da background-transparent\" data-id=\"03817da\" data-element_type=\"column\" data-e-type=\"column\">\n\t\t\t<div class=\"elementor-widget-wrap elementor-element-populated\">\n\t\t\t\t\t\t<div class=\"elementor-element elementor-element-2f91e22 background-transparent elementor-widget elementor-widget-dsn_heading\" data-id=\"2f91e22\" data-element_type=\"widget\" data-e-type=\"widget\" data-widget_type=\"dsn_heading.default\">\n\t\t\t\t<div class=\"elementor-widget-container\">\n\t\t\t\t\t<h6 class=\"dsn-heading-title d-inline-block p-relative    p-10 background-main \">\u0130leti\u015fim<\/h6>\t\t\t\t<\/div>\n\t\t\t\t<\/div>\n\t\t\t\t<div class=\"elementor-element elementor-element-1aee146 elementor-widget__width-initial background-transparent elementor-widget elementor-widget-dsn_heading\" data-id=\"1aee146\" data-element_type=\"widget\" data-e-type=\"widget\" data-widget_type=\"dsn_heading.default\">\n\t\t\t\t<div class=\"elementor-widget-container\">\n\t\t\t\t\t<p class=\"sm-title-block dsn-heading-title d-inline-block p-relative     \">Tel: 02165655277\nMail: info@izzydmc.com<\/p>\t\t\t\t<\/div>\n\t\t\t\t<\/div>\n\t\t\t\t\t<\/div>\n\t\t<\/div>\n\t\t\t\t<div class=\"elementor-column elementor-col-25 elementor-inner-column elementor-element elementor-element-0f5c527 background-transparent\" data-id=\"0f5c527\" data-element_type=\"column\" data-e-type=\"column\">\n\t\t\t<div class=\"elementor-widget-wrap elementor-element-populated\">\n\t\t\t\t\t\t<div class=\"elementor-element elementor-element-8ce9953 background-transparent elementor-widget elementor-widget-dsn_heading\" data-id=\"8ce9953\" data-element_type=\"widget\" data-e-type=\"widget\" data-widget_type=\"dsn_heading.default\">\n\t\t\t\t<div class=\"elementor-widget-container\">\n\t\t\t\t\t<h6 class=\"dsn-heading-title d-inline-block p-relative    p-10 background-main \">Bizi Takip Edin<\/h6>\t\t\t\t<\/div>\n\t\t\t\t<\/div>\n\t\t\t\t<div class=\"elementor-element elementor-element-d276fca elementor-shape-circle e-grid-align-left elementor-widget__width-initial elementor-grid-0 elementor-widget elementor-widget-social-icons\" data-id=\"d276fca\" data-element_type=\"widget\" data-e-type=\"widget\" data-widget_type=\"social-icons.default\">\n\t\t\t\t<div class=\"elementor-widget-container\">\n\t\t\t\t\t\t\t<div class=\"elementor-social-icons-wrapper elementor-grid\" role=\"list\">\n\t\t\t\t\t\t\t<span class=\"elementor-grid-item\" role=\"listitem\">\n\t\t\t\t\t<a class=\"elementor-icon elementor-social-icon elementor-social-icon-instagram elementor-repeater-item-33660b4\" href=\"https:\/\/www.instagram.com\/izzydmcmice\/\" target=\"_blank\">\n\t\t\t\t\t\t<span class=\"elementor-screen-only\">Instagram<\/span>\n\t\t\t\t\t\t<svg aria-hidden=\"true\" class=\"e-font-icon-svg e-fab-instagram\" viewBox=\"0 0 448 512\" xmlns=\"http:\/\/www.w3.org\/2000\/svg\"><path d=\"M224.1 141c-63.6 0-114.9 51.3-114.9 114.9s51.3 114.9 114.9 114.9S339 319.5 339 255.9 287.7 141 224.1 141zm0 189.6c-41.1 0-74.7-33.5-74.7-74.7s33.5-74.7 74.7-74.7 74.7 33.5 74.7 74.7-33.6 74.7-74.7 74.7zm146.4-194.3c0 14.9-12 26.8-26.8 26.8-14.9 0-26.8-12-26.8-26.8s12-26.8 26.8-26.8 26.8 12 26.8 26.8zm76.1 27.2c-1.7-35.9-9.9-67.7-36.2-93.9-26.2-26.2-58-34.4-93.9-36.2-37-2.1-147.9-2.1-184.9 0-35.8 1.7-67.6 9.9-93.9 36.1s-34.4 58-36.2 93.9c-2.1 37-2.1 147.9 0 184.9 1.7 35.9 9.9 67.7 36.2 93.9s58 34.4 93.9 36.2c37 2.1 147.9 2.1 184.9 0 35.9-1.7 67.7-9.9 93.9-36.2 26.2-26.2 34.4-58 36.2-93.9 2.1-37 2.1-147.8 0-184.8zM398.8 388c-7.8 19.6-22.9 34.7-42.6 42.6-29.5 11.7-99.5 9-132.1 9s-102.7 2.6-132.1-9c-19.6-7.8-34.7-22.9-42.6-42.6-11.7-29.5-9-99.5-9-132.1s-2.6-102.7 9-132.1c7.8-19.6 22.9-34.7 42.6-42.6 29.5-11.7 99.5-9 132.1-9s102.7-2.6 132.1 9c19.6 7.8 34.7 22.9 42.6 42.6 11.7 29.5 9 99.5 9 132.1s2.7 102.7-9 132.1z\"><\/path><\/svg>\t\t\t\t\t<\/a>\n\t\t\t\t<\/span>\n\t\t\t\t\t\t\t<span class=\"elementor-grid-item\" role=\"listitem\">\n\t\t\t\t\t<a class=\"elementor-icon elementor-social-icon elementor-social-icon-linkedin elementor-repeater-item-aa692bb\" href=\"https:\/\/www.linkedin.com\/in\/izzy-dmc-3826a6281\/?trk=public_post-text&#038;originalSubdomain=tr\" target=\"_blank\">\n\t\t\t\t\t\t<span class=\"elementor-screen-only\">Linkedin<\/span>\n\t\t\t\t\t\t<svg aria-hidden=\"true\" class=\"e-font-icon-svg e-fab-linkedin\" viewBox=\"0 0 448 512\" xmlns=\"http:\/\/www.w3.org\/2000\/svg\"><path d=\"M416 32H31.9C14.3 32 0 46.5 0 64.3v383.4C0 465.5 14.3 480 31.9 480H416c17.6 0 32-14.5 32-32.3V64.3c0-17.8-14.4-32.3-32-32.3zM135.4 416H69V202.2h66.5V416zm-33.2-243c-21.3 0-38.5-17.3-38.5-38.5S80.9 96 102.2 96c21.2 0 38.5 17.3 38.5 38.5 0 21.3-17.2 38.5-38.5 38.5zm282.1 243h-66.4V312c0-24.8-.5-56.7-34.5-56.7-34.6 0-39.9 27-39.9 54.9V416h-66.4V202.2h63.7v29.2h.9c8.9-16.8 30.6-34.5 62.9-34.5 67.2 0 79.7 44.3 79.7 101.9V416z\"><\/path><\/svg>\t\t\t\t\t<\/a>\n\t\t\t\t<\/span>\n\t\t\t\t\t<\/div>\n\t\t\t\t\t\t<\/div>\n\t\t\t\t<\/div>\n\t\t\t\t\t<\/div>\n\t\t<\/div>\n\t\t\t\t\t<\/div>\n\t\t<\/section>\n\t\t\t\t\t<\/div>\n\t\t<\/div>\n\t\t\t\t\t<\/div>\n\t\t<\/section>\n\t\t\t\t<\/div>\n\t\t","protected":false},"excerpt":{"rendered":"<p>Yakla\u015f\u0131k 30 y\u0131ll\u0131k tecr\u00fcbemizle T\u00fcm Balkan \u00fclkeleri ba\u015fta olmak \u00fczere, G\u00fcrcistan, Azerbaycan, \u0130talya, Hollanda, \u0130talya, Orta Avrupa, Yunanistan, Portekiz ve Polonya\u2019da kurumsal \u015firket organizasyonlar\u0131n\u0131zda ihtiyac\u0131n\u0131z olan t\u00fcm hizmetleri tek adresten sizlere sa\u011flamak amac\u0131yla hizmet veriyoruz. Kurumsal firmalar\u0131n\u0131z\u0131n veya kapal\u0131 gruplar\u0131n\u0131z\u0131n e\u011fitim ve bayi toplant\u0131lar\u0131nda, motivasyon ve te\u015fvik gezilerinde, y\u0131l sonu de\u011ferlendirme toplant\u0131lar\u0131nda destinasyonlar\u0131m\u0131zda rekabet\u00e7i b\u00fct\u00e7e [&hellip;]<\/p>\n","protected":false},"author":2,"featured_media":0,"parent":0,"menu_order":0,"comment_status":"closed","ping_status":"closed","template":"elementor_theme","meta":{"footnotes":""},"class_list":["post-874","page","type-page","status-publish","hentry"],"acf":[],"_links":{"self":[{"href":"https:\/\/izzydmc.com\/index.php?rest_route=\/wp\/v2\/pages\/874"}],"collection":[{"href":"https:\/\/izzydmc.com\/index.php?rest_route=\/wp\/v2\/pages"}],"about":[{"href":"https:\/\/izzydmc.com\/index.php?rest_route=\/wp\/v2\/types\/page"}],"author":[{"embeddable":true,"href":"https:\/\/izzydmc.com\/index.php?rest_route=\/wp\/v2\/users\/2"}],"replies":[{"embeddable":true,"href":"https:\/\/izzydmc.com\/index.php?rest_route=%2Fwp%2Fv2%2Fcomments&post=874"}],"version-history":[{"count":66,"href":"https:\/\/izzydmc.com\/index.php?rest_route=\/wp\/v2\/pages\/874\/revisions"}],"predecessor-version":[{"id":3352,"href":"https:\/\/izzydmc.com\/index.php?rest_route=\/wp\/v2\/pages\/874\/revisions\/3352"}],"wp:attachment":[{"href":"https:\/\/izzydmc.com\/index.php?rest_route=%2Fwp%2Fv2%2Fmedia&parent=874"}],"curies":[{"name":"wp","href":"https:\/\/api.w.org\/{rel}","templated":true}]}}